{"id":2856,"date":"2025-02-20T09:47:06","date_gmt":"2025-02-20T08:47:06","guid":{"rendered":"https:\/\/compostelastreet.com\/?page_id=2856"},"modified":"2025-08-25T15:40:27","modified_gmt":"2025-08-25T13:40:27","slug":"mapa","status":"publish","type":"page","link":"https:\/\/compostelastreet.gal\/gl\/mapa\/","title":{"rendered":"Mapa"},"content":{"rendered":"<div class=\"wpb-content-wrapper\"><div data-vc-full-width=\"true\" data-vc-full-width-init=\"false\" class=\"vc_row wpb_row vc_row-fluid emojination_custom_contacts vc_custom_1740048382470 vc_row-has-fill shape_divider_top-none shape_divider_bottom-none\"><div class=\"wpb_column vc_column_container vc_col-sm-12 sc_layouts_column_icons_position_left\"><div class=\"vc_column-inner\"><div class=\"wpb_wrapper\"><div class=\"vc_empty_space  hide_on_mobile\"   style=\"height: 6.7em\"><span class=\"vc_empty_space_inner\"><\/span><\/div><div class=\"vc_empty_space  hide_on_desktop hide_on_notebook hide_on_tablet\"   style=\"height: 3.3em\"><span class=\"vc_empty_space_inner\"><\/span><\/div>\n\t<div class=\"wpb_text_column wpb_content_element vc_custom_1740048611837\" >\n\t\t<div class=\"wpb_wrapper\">\n\t\t\t<h2>LOCALIZACI\u00d3N<\/h2>\n\n\t\t<\/div>\n\t<\/div>\n<div class=\"vc_empty_space  hide_on_mobile\"   style=\"height: 3em\"><span class=\"vc_empty_space_inner\"><\/span><\/div><div class=\"vc_empty_space  hide_on_desktop hide_on_notebook hide_on_tablet\"   style=\"height: 1.5em\"><span class=\"vc_empty_space_inner\"><\/span><\/div>\n\t<div class=\"wpb_text_column wpb_content_element vc_custom_1740047727440\" >\n\t\t<div class=\"wpb_wrapper\">\n\t\t\t<h6>O mellor evento no mellor lugar!<\/h6>\n\n\t\t<\/div>\n\t<\/div>\n<div class=\"vc_empty_space  hide_on_mobile\"   style=\"height: 3em\"><span class=\"vc_empty_space_inner\"><\/span><\/div><div class=\"vc_empty_space  hide_on_desktop hide_on_notebook hide_on_tablet\"   style=\"height: 1.5em\"><span class=\"vc_empty_space_inner\"><\/span><\/div>\n\t<div class=\"wpb_text_column wpb_content_element\" >\n\t\t<div class=\"wpb_wrapper\">\n\t\t\t<p>\u201cCompostela Street\u201d \u00e9 un festival internacional que une deporte urbano, cultura urbana e lecer alternativo en diferentes formatos dirixidos a todos os p\u00fablicos como competici\u00f3ns, shows, concertos, talleres e parques de lecer, inclu\u00edndo ademais zonas de street market e restauraci\u00f3n. Este evento est\u00e1 situado nun emprazamento inmellorable como \u00e9 a contorna das pistas deportivas do Campus Sur da Universidade de Santiago de Compostela, xusto en fronte da residencia de estudantes e conectado \u00e1 alameda a tan s\u00f3 5 minutos do centro hist\u00f3rico monumental da capital galega.<\/p>\n\n\t\t<\/div>\n\t<\/div>\n<div class=\"vc_empty_space  hide_on_mobile\"   style=\"height: 6.7em\"><span class=\"vc_empty_space_inner\"><\/span><\/div><div class=\"vc_empty_space  hide_on_desktop hide_on_notebook hide_on_tablet\"   style=\"height: 3.3em\"><span class=\"vc_empty_space_inner\"><\/span><\/div><\/div><\/div><\/div><\/div><div class=\"vc_row-full-width vc_clearfix\"><\/div><div data-vc-full-width=\"true\" data-vc-full-width-init=\"false\" data-vc-stretch-content=\"true\" class=\"vc_row wpb_row vc_row-fluid vc_custom_1740048370823 vc_row-has-fill vc_row-no-padding vc_row-o-equal-height vc_row-o-content-middle vc_row-flex shape_divider_top-none shape_divider_bottom-none sc_layouts_hide_on_mobile\"><div class=\"wpb_column vc_column_container vc_col-sm-12 vc_col-has-fill sc_layouts_column_icons_position_left\"><div class=\"vc_column-inner vc_custom_1739375298088\"><div class=\"wpb_wrapper\"><div id=\"sc_content_544172543\"\r\n\t\tclass=\"sc_content sc_content_default sc_content_width_45p sc_float_right  vc_custom_1740046348021\"><div class=\"sc_content_container\"><div class=\"wpb_gmaps_widget wpb_content_element\"><div class=\"wpb_wrapper\"><div class=\"wpb_map_wraper\"><iframe src=\"https:\/\/www.google.com\/maps\/embed?pb=!1m13!1m8!1m3!1d1461.8964069356193!2d-8.553757!3d42.877217!3m2!1i1024!2i768!4f10.1!3m2!1m1!2zNDLCsDUyJzM4LjAiTiA4wrAzMycxMy41Ilc!5e0!3m2!1ses!2sus!4v1739375526082!5m2!1ses!2sus\" width=\"600\" height=\"1080\" style=\"border:0;\" allowfullscreen=\"\" loading=\"lazy\" referrerpolicy=\"no-referrer-when-downgrade\"><\/iframe><\/div><\/div><\/div><\/div><\/div><!-- \/.sc_content --><div id=\"sc_content_657095668\"\r\n\t\tclass=\"sc_content sc_content_default sc_content_width_45p sc_float_right sc_padding_tiny\"><div class=\"sc_content_container\">\n\t<div  class=\"wpb_single_image wpb_content_element vc_align_left wpb_content_element\">\n\t\t\n\t\t<figure class=\"wpb_wrapper vc_figure\">\n\t\t\t<div class=\"vc_single_image-wrapper   vc_box_border_grey\"><img fetchpriority=\"high\" decoding=\"async\" width=\"1500\" height=\"1773\" src=\"https:\/\/i0.wp.com\/compostelastreet.gal\/wp-content\/uploads\/2025\/05\/mapa-web-compostela-street-6b.png?fit=1500%2C1773&amp;ssl=1\" class=\"vc_single_image-img attachment-full\" alt=\"\" title=\"mapa-web-compostela-street-6b\" srcset=\"https:\/\/i0.wp.com\/compostelastreet.gal\/wp-content\/uploads\/2025\/05\/mapa-web-compostela-street-6b.png?w=1500&amp;ssl=1 1500w, https:\/\/i0.wp.com\/compostelastreet.gal\/wp-content\/uploads\/2025\/05\/mapa-web-compostela-street-6b.png?resize=254%2C300&amp;ssl=1 254w, https:\/\/i0.wp.com\/compostelastreet.gal\/wp-content\/uploads\/2025\/05\/mapa-web-compostela-street-6b.png?resize=866%2C1024&amp;ssl=1 866w, https:\/\/i0.wp.com\/compostelastreet.gal\/wp-content\/uploads\/2025\/05\/mapa-web-compostela-street-6b.png?resize=768%2C908&amp;ssl=1 768w, https:\/\/i0.wp.com\/compostelastreet.gal\/wp-content\/uploads\/2025\/05\/mapa-web-compostela-street-6b.png?resize=1299%2C1536&amp;ssl=1 1299w, https:\/\/i0.wp.com\/compostelastreet.gal\/wp-content\/uploads\/2025\/05\/mapa-web-compostela-street-6b.png?resize=10%2C12&amp;ssl=1 10w, https:\/\/i0.wp.com\/compostelastreet.gal\/wp-content\/uploads\/2025\/05\/mapa-web-compostela-street-6b.png?resize=370%2C437&amp;ssl=1 370w, https:\/\/i0.wp.com\/compostelastreet.gal\/wp-content\/uploads\/2025\/05\/mapa-web-compostela-street-6b.png?resize=770%2C910&amp;ssl=1 770w, https:\/\/i0.wp.com\/compostelastreet.gal\/wp-content\/uploads\/2025\/05\/mapa-web-compostela-street-6b.png?resize=470%2C556&amp;ssl=1 470w\" sizes=\"(max-width: 1170px) 100vw, 1170px\" \/><\/div>\n\t\t<\/figure>\n\t<\/div>\n<div class=\"vc_empty_space  hide_on_notebook\"   style=\"height: 3em\"><span class=\"vc_empty_space_inner\"><\/span><\/div><div class=\"vc_empty_space  hide_on_desktop hide_on_tablet hide_on_mobile\"   style=\"height: 2em\"><span class=\"vc_empty_space_inner\"><\/span><\/div><div id=\"sc_title_76991652\"\r\n\t\tclass=\"sc_title sc_title_default\"><h3 class=\"sc_item_title sc_title_title sc_align_left sc_item_title_style_default sc_item_title_tag\">\u00c1reas<\/h3><\/div><!-- \/.sc_title --><div class=\"vc_empty_space  hide_on_notebook\"   style=\"height: 2em\"><span class=\"vc_empty_space_inner\"><\/span><\/div><div class=\"vc_empty_space  hide_on_desktop hide_on_tablet hide_on_mobile\"   style=\"height: 1em\"><span class=\"vc_empty_space_inner\"><\/span><\/div>\n\t<div  class=\"wpb_single_image wpb_content_element vc_align_left wpb_content_element\">\n\t\t\n\t\t<figure class=\"wpb_wrapper vc_figure\">\n\t\t\t<div class=\"vc_single_image-wrapper   vc_box_border_grey\"><img decoding=\"async\" width=\"550\" height=\"154\" src=\"https:\/\/i0.wp.com\/compostelastreet.gal\/wp-content\/uploads\/2025\/02\/Textos-550.png?fit=550%2C154&amp;ssl=1\" class=\"vc_single_image-img attachment-full\" alt=\"\" title=\"Textos-550\" srcset=\"https:\/\/i0.wp.com\/compostelastreet.gal\/wp-content\/uploads\/2025\/02\/Textos-550.png?w=550&amp;ssl=1 550w, https:\/\/i0.wp.com\/compostelastreet.gal\/wp-content\/uploads\/2025\/02\/Textos-550.png?resize=300%2C84&amp;ssl=1 300w, https:\/\/i0.wp.com\/compostelastreet.gal\/wp-content\/uploads\/2025\/02\/Textos-550.png?resize=370%2C104&amp;ssl=1 370w, https:\/\/i0.wp.com\/compostelastreet.gal\/wp-content\/uploads\/2025\/02\/Textos-550.png?resize=470%2C132&amp;ssl=1 470w\" sizes=\"(max-width: 550px) 100vw, 550px\" \/><\/div>\n\t\t<\/figure>\n\t<\/div>\n<\/div><\/div><!-- \/.sc_content --><\/div><\/div><\/div><\/div><div class=\"vc_row-full-width vc_clearfix\"><\/div><div data-vc-full-width=\"true\" data-vc-full-width-init=\"false\" data-vc-stretch-content=\"true\" class=\"vc_row wpb_row vc_row-fluid vc_row-no-padding shape_divider_top-none shape_divider_bottom-none sc_layouts_hide_on_desktop sc_layouts_hide_on_notebook sc_layouts_hide_on_tablet\"><div class=\"wpb_column vc_column_container vc_col-sm-12 sc_layouts_column_icons_position_left\"><div class=\"vc_column-inner\"><div class=\"wpb_wrapper\"><div id=\"sc_content_403573642\"\r\n\t\tclass=\"sc_content sc_content_default sc_float_center sc_padding_tiny\"><div class=\"sc_content_container\"><div class=\"vc_empty_space  hide_on_mobile\"   style=\"height: 3.5em\"><span class=\"vc_empty_space_inner\"><\/span><\/div><div class=\"vc_empty_space  hide_on_desktop hide_on_notebook hide_on_tablet\"   style=\"height: 3em\"><span class=\"vc_empty_space_inner\"><\/span><\/div>\n\t<div  class=\"wpb_single_image wpb_content_element vc_align_left wpb_content_element\">\n\t\t\n\t\t<figure class=\"wpb_wrapper vc_figure\">\n\t\t\t<div class=\"vc_single_image-wrapper   vc_box_border_grey\"><img fetchpriority=\"high\" decoding=\"async\" width=\"1500\" height=\"1773\" src=\"https:\/\/i0.wp.com\/compostelastreet.gal\/wp-content\/uploads\/2025\/05\/mapa-web-compostela-street-6b.png?fit=1500%2C1773&amp;ssl=1\" class=\"vc_single_image-img attachment-full\" alt=\"\" title=\"mapa-web-compostela-street-6b\" srcset=\"https:\/\/i0.wp.com\/compostelastreet.gal\/wp-content\/uploads\/2025\/05\/mapa-web-compostela-street-6b.png?w=1500&amp;ssl=1 1500w, https:\/\/i0.wp.com\/compostelastreet.gal\/wp-content\/uploads\/2025\/05\/mapa-web-compostela-street-6b.png?resize=254%2C300&amp;ssl=1 254w, https:\/\/i0.wp.com\/compostelastreet.gal\/wp-content\/uploads\/2025\/05\/mapa-web-compostela-street-6b.png?resize=866%2C1024&amp;ssl=1 866w, https:\/\/i0.wp.com\/compostelastreet.gal\/wp-content\/uploads\/2025\/05\/mapa-web-compostela-street-6b.png?resize=768%2C908&amp;ssl=1 768w, https:\/\/i0.wp.com\/compostelastreet.gal\/wp-content\/uploads\/2025\/05\/mapa-web-compostela-street-6b.png?resize=1299%2C1536&amp;ssl=1 1299w, https:\/\/i0.wp.com\/compostelastreet.gal\/wp-content\/uploads\/2025\/05\/mapa-web-compostela-street-6b.png?resize=10%2C12&amp;ssl=1 10w, https:\/\/i0.wp.com\/compostelastreet.gal\/wp-content\/uploads\/2025\/05\/mapa-web-compostela-street-6b.png?resize=370%2C437&amp;ssl=1 370w, https:\/\/i0.wp.com\/compostelastreet.gal\/wp-content\/uploads\/2025\/05\/mapa-web-compostela-street-6b.png?resize=770%2C910&amp;ssl=1 770w, https:\/\/i0.wp.com\/compostelastreet.gal\/wp-content\/uploads\/2025\/05\/mapa-web-compostela-street-6b.png?resize=470%2C556&amp;ssl=1 470w\" sizes=\"(max-width: 1170px) 100vw, 1170px\" \/><\/div>\n\t\t<\/figure>\n\t<\/div>\n<div class=\"vc_empty_space  hide_on_mobile\"   style=\"height: 2em\"><span class=\"vc_empty_space_inner\"><\/span><\/div><div class=\"vc_empty_space  hide_on_desktop hide_on_notebook hide_on_tablet\"   style=\"height: 1.5em\"><span class=\"vc_empty_space_inner\"><\/span><\/div><div id=\"sc_title_264682770\"\r\n\t\tclass=\"sc_title sc_title_default\"><h3 class=\"sc_item_title sc_title_title sc_align_left sc_item_title_style_default sc_item_title_tag\">\u00c1reas<\/h3><\/div><!-- \/.sc_title --><div class=\"vc_empty_space  hide_on_mobile\"   style=\"height: 3.5em\"><span class=\"vc_empty_space_inner\"><\/span><\/div><div class=\"vc_empty_space  hide_on_desktop hide_on_notebook hide_on_tablet\"   style=\"height: 3em\"><span class=\"vc_empty_space_inner\"><\/span><\/div>\n\t<div  class=\"wpb_single_image wpb_content_element vc_align_left wpb_content_element\">\n\t\t\n\t\t<figure class=\"wpb_wrapper vc_figure\">\n\t\t\t<div class=\"vc_single_image-wrapper   vc_box_border_grey\"><img decoding=\"async\" width=\"550\" height=\"154\" src=\"https:\/\/i0.wp.com\/compostelastreet.gal\/wp-content\/uploads\/2025\/02\/Textos-550.png?fit=550%2C154&amp;ssl=1\" class=\"vc_single_image-img attachment-full\" alt=\"\" title=\"Textos-550\" srcset=\"https:\/\/i0.wp.com\/compostelastreet.gal\/wp-content\/uploads\/2025\/02\/Textos-550.png?w=550&amp;ssl=1 550w, https:\/\/i0.wp.com\/compostelastreet.gal\/wp-content\/uploads\/2025\/02\/Textos-550.png?resize=300%2C84&amp;ssl=1 300w, https:\/\/i0.wp.com\/compostelastreet.gal\/wp-content\/uploads\/2025\/02\/Textos-550.png?resize=370%2C104&amp;ssl=1 370w, https:\/\/i0.wp.com\/compostelastreet.gal\/wp-content\/uploads\/2025\/02\/Textos-550.png?resize=470%2C132&amp;ssl=1 470w\" sizes=\"(max-width: 550px) 100vw, 550px\" \/><\/div>\n\t\t<\/figure>\n\t<\/div>\n<div class=\"vc_empty_space  hide_on_desktop hide_on_notebook hide_on_tablet\"   style=\"height: 3em\"><span class=\"vc_empty_space_inner\"><\/span><\/div><\/div><\/div><!-- \/.sc_content --><\/div><\/div><\/div><div class=\"wpb_column vc_column_container vc_col-sm-12 sc_layouts_column_icons_position_left\"><div class=\"vc_column-inner\"><div class=\"wpb_wrapper\"><div class=\"wpb_gmaps_widget wpb_content_element\"><div class=\"wpb_wrapper\"><div class=\"wpb_map_wraper\"><iframe src=\"https:\/\/www.google.com\/maps\/embed?pb=!1m13!1m8!1m3!1d1461.8964069356193!2d-8.553757!3d42.877217!3m2!1i1024!2i768!4f13.1!3m2!1m1!2zNDLCsDUyJzM4LjAiTiA4wrAzMycxMy41Ilc!5e0!3m2!1ses!2sus!4v1739375526082!5m2!1ses!2sus\" width=\"600\" height=\"920\" style=\"border:0;\" allowfullscreen=\"\" loading=\"lazy\" referrerpolicy=\"no-referrer-when-downgrade\"><\/iframe><\/div><\/div><\/div><\/div><\/div><\/div><\/div><div class=\"vc_row-full-width vc_clearfix\"><\/div><div data-vc-full-width=\"true\" data-vc-full-width-init=\"false\" class=\"vc_row wpb_row vc_row-fluid emojination_custom_contacts vc_custom_1740048382470 vc_row-has-fill shape_divider_top-none shape_divider_bottom-none\"><div class=\"wpb_column vc_column_container vc_col-sm-12 sc_layouts_column_icons_position_left\"><div class=\"vc_column-inner\"><div class=\"wpb_wrapper\"><div class=\"vc_empty_space  hide_on_mobile\"   style=\"height: 6.7em\"><span class=\"vc_empty_space_inner\"><\/span><\/div><div class=\"vc_empty_space  hide_on_desktop hide_on_notebook hide_on_tablet\"   style=\"height: 3.3em\"><span class=\"vc_empty_space_inner\"><\/span><\/div>\n\t<div class=\"wpb_text_column wpb_content_element vc_custom_1756112870355\" >\n\t\t<div class=\"wpb_wrapper\">\n\t\t\t<h2>C\u00d3MO LLEGAR<\/h2>\n\n\t\t<\/div>\n\t<\/div>\n<div class=\"vc_empty_space  hide_on_mobile\"   style=\"height: 3em\"><span class=\"vc_empty_space_inner\"><\/span><\/div><div class=\"vc_empty_space  hide_on_desktop hide_on_notebook hide_on_tablet\"   style=\"height: 1.5em\"><span class=\"vc_empty_space_inner\"><\/span><\/div>\n\t<div class=\"wpb_text_column wpb_content_element vc_custom_1756112947357\" >\n\t\t<div class=\"wpb_wrapper\">\n\t\t\t<h6>Todos los caminos llevan a <del>Roma<\/del> Compostela Street!<\/h6>\n\n\t\t<\/div>\n\t<\/div>\n<div class=\"vc_empty_space  hide_on_mobile\"   style=\"height: 3em\"><span class=\"vc_empty_space_inner\"><\/span><\/div><div class=\"vc_empty_space  hide_on_desktop hide_on_notebook hide_on_tablet\"   style=\"height: 1.5em\"><span class=\"vc_empty_space_inner\"><\/span><\/div>\n\t<div class=\"wpb_text_column wpb_content_element\" >\n\t\t<div class=\"wpb_wrapper\">\n\t\t\t<p>El &#8220;Compostela Street&#8221; est\u00e1 ubicado en el Campus Sur Universitario, a tan solo 20 minutos andando desde la estaci\u00f3n intermodal de <strong>tren y autobuses<\/strong> y a 18 minutos en coche desde el <strong>aeropuerto<\/strong> Rosal\u00eda de Castro.<\/p>\n<p>Tambi\u00e9n podr\u00e1s moverte por la ciudad y llegar al evento usando las l\u00edneas de<strong> bus urbano<\/strong>. Concretamente la l\u00ednea 15 es la que pasa por el Campus Sur (donde est\u00e1 el evento) de lunes a viernes cada 20 minutos desde las 08:30 hasta las 22:30 h. (excepto el s\u00e1bado que pasa cada 30 minutos desde las 08:30 hasta las 15:30 h.). Si te urge el desplazamiento y decides <strong>pillar un taxi<\/strong>, puedes solicitarlo llamando a Radio Taxi Compostela al 981 569 292.<\/p>\n\n\t\t<\/div>\n\t<\/div>\n<div class=\"vc_empty_space  hide_on_mobile\"   style=\"height: 3.3em\"><span class=\"vc_empty_space_inner\"><\/span><\/div><div class=\"vc_empty_space  hide_on_desktop hide_on_notebook hide_on_tablet\"   style=\"height: 3.3em\"><span class=\"vc_empty_space_inner\"><\/span><\/div>\n\t<div  class=\"wpb_single_image wpb_content_element vc_align_center wpb_content_element\">\n\t\t\n\t\t<figure class=\"wpb_wrapper vc_figure\">\n\t\t\t<div class=\"vc_single_image-wrapper   vc_box_border_grey\"><img decoding=\"async\" width=\"1080\" height=\"869\" src=\"https:\/\/i0.wp.com\/compostelastreet.gal\/wp-content\/uploads\/2025\/08\/Como-Chegar-Web.png?fit=1080%2C869&amp;ssl=1\" class=\"vc_single_image-img attachment-full\" alt=\"\" title=\"Como Chegar Web\" srcset=\"https:\/\/i0.wp.com\/compostelastreet.gal\/wp-content\/uploads\/2025\/08\/Como-Chegar-Web.png?w=1080&amp;ssl=1 1080w, https:\/\/i0.wp.com\/compostelastreet.gal\/wp-content\/uploads\/2025\/08\/Como-Chegar-Web.png?resize=300%2C241&amp;ssl=1 300w, https:\/\/i0.wp.com\/compostelastreet.gal\/wp-content\/uploads\/2025\/08\/Como-Chegar-Web.png?resize=1024%2C824&amp;ssl=1 1024w, https:\/\/i0.wp.com\/compostelastreet.gal\/wp-content\/uploads\/2025\/08\/Como-Chegar-Web.png?resize=768%2C618&amp;ssl=1 768w, https:\/\/i0.wp.com\/compostelastreet.gal\/wp-content\/uploads\/2025\/08\/Como-Chegar-Web.png?resize=15%2C12&amp;ssl=1 15w, https:\/\/i0.wp.com\/compostelastreet.gal\/wp-content\/uploads\/2025\/08\/Como-Chegar-Web.png?resize=370%2C298&amp;ssl=1 370w, https:\/\/i0.wp.com\/compostelastreet.gal\/wp-content\/uploads\/2025\/08\/Como-Chegar-Web.png?resize=770%2C620&amp;ssl=1 770w, https:\/\/i0.wp.com\/compostelastreet.gal\/wp-content\/uploads\/2025\/08\/Como-Chegar-Web.png?resize=470%2C378&amp;ssl=1 470w\" sizes=\"(max-width: 1080px) 100vw, 1080px\" \/><\/div>\n\t\t<\/figure>\n\t<\/div>\n<div class=\"vc_empty_space  hide_on_mobile\"   style=\"height: 6.7em\"><span class=\"vc_empty_space_inner\"><\/span><\/div><div class=\"vc_empty_space  hide_on_desktop hide_on_notebook hide_on_tablet\"   style=\"height: 3.3em\"><span class=\"vc_empty_space_inner\"><\/span><\/div><\/div><\/div><\/div><\/div><div class=\"vc_row-full-width vc_clearfix\"><\/div><div data-vc-full-width=\"true\" data-vc-full-width-init=\"false\" class=\"vc_row wpb_row vc_row-fluid emojination_custom_contacts vc_custom_1738584069793 vc_row-has-fill shape_divider_top-none shape_divider_bottom-none\"><div class=\"wpb_column vc_column_container vc_col-sm-12 sc_layouts_column_icons_position_left\"><div class=\"vc_column-inner\"><div class=\"wpb_wrapper\"><div class=\"vc_empty_space  hide_on_mobile\"   style=\"height: 6.7em\"><span class=\"vc_empty_space_inner\"><\/span><\/div><div class=\"vc_empty_space  hide_on_desktop hide_on_notebook hide_on_tablet\"   style=\"height: 3.3em\"><span class=\"vc_empty_space_inner\"><\/span><\/div><\/div><\/div><\/div><div class=\"wpb_column vc_column_container vc_col-sm-4 sc_layouts_column_icons_position_left\"><div class=\"vc_column-inner\"><div class=\"wpb_wrapper\">\n\t<div  class=\"wpb_single_image wpb_content_element vc_align_center wpb_content_element\">\n\t\t\n\t\t<figure class=\"wpb_wrapper vc_figure\">\n\t\t\t<div class=\"vc_single_image-wrapper   vc_box_border_grey\"><img loading=\"lazy\" decoding=\"async\" width=\"300\" height=\"234\" src=\"https:\/\/i0.wp.com\/compostelastreet.gal\/wp-content\/uploads\/2018\/05\/logo-web-350.png?fit=300%2C234&amp;ssl=1\" class=\"vc_single_image-img attachment-medium\" alt=\"\" title=\"logotipo-web-350\" srcset=\"https:\/\/i0.wp.com\/compostelastreet.gal\/wp-content\/uploads\/2018\/05\/logo-web-350.png?w=350&amp;ssl=1 350w, https:\/\/i0.wp.com\/compostelastreet.gal\/wp-content\/uploads\/2018\/05\/logo-web-350.png?resize=300%2C234&amp;ssl=1 300w\" sizes=\"(max-width: 300px) 100vw, 300px\" \/><\/div>\n\t\t<\/figure>\n\t<\/div>\n<div class=\"vc_empty_space  hide_on_desktop hide_on_notebook hide_on_tablet\"   style=\"height: 3.3em\"><span class=\"vc_empty_space_inner\"><\/span><\/div><\/div><\/div><\/div><div class=\"wpb_column vc_column_container vc_col-sm-4 sc_layouts_column_icons_position_left\"><div class=\"vc_column-inner\"><div class=\"wpb_wrapper\"><div id=\"sc_title_688557727\"\r\n\t\tclass=\"sc_title sc_title_default emojination_custom_contacts_title\"><h4 class=\"sc_item_title sc_title_title sc_align_center sc_item_title_style_default sc_item_title_tag\">Localizaci\u00f3n<\/h4><div class=\"sc_item_descr sc_title_descr sc_align_center\"><p>Campus Sur Universitario,<br \/>\nSantiago de Compostela<\/p>\n<\/div><\/div><!-- \/.sc_title --><\/div><\/div><\/div><div class=\"wpb_column vc_column_container vc_col-sm-4 sc_layouts_column_icons_position_left\"><div class=\"vc_column-inner\"><div class=\"wpb_wrapper\"><div id=\"sc_title_45308518\"\r\n\t\tclass=\"sc_title sc_title_default\"><h4 class=\"sc_item_title sc_title_title sc_align_center sc_item_title_style_default sc_item_title_tag\">Email<\/h4><div class=\"sc_item_descr sc_title_descr sc_align_center\"><p><a href=\"mailto:info@compostelastreet.com\">info@compostelastreet.com<\/a><\/p>\n<\/div><\/div><!-- \/.sc_title --><\/div><\/div><\/div><div class=\"wpb_column vc_column_container vc_col-sm-12 sc_layouts_column_icons_position_left\"><div class=\"vc_column-inner\"><div class=\"wpb_wrapper\"><div class=\"vc_empty_space  hide_on_mobile\"   style=\"height: 4.4em\"><span class=\"vc_empty_space_inner\"><\/span><\/div><div class=\"vc_empty_space  hide_on_desktop hide_on_notebook hide_on_tablet\"   style=\"height: 1.5em\"><span class=\"vc_empty_space_inner\"><\/span><\/div><\/div><\/div><\/div><\/div><div class=\"vc_row-full-width vc_clearfix\"><\/div>\n<\/div>","protected":false},"excerpt":{"rendered":"LOCALIZACI\u00d3N El mejor evento en el mejor lugar! \"Compostela Street\" es un festival internacional que une deporte urbano, cultura urbana y ocio alternativo en diferentes formatos dirigidos a todos los&hellip;","protected":false},"author":2,"featured_media":0,"parent":0,"menu_order":0,"comment_status":"closed","ping_status":"closed","template":"","meta":{"_monsterinsights_skip_tracking":false,"_monsterinsights_sitenote_active":false,"_monsterinsights_sitenote_note":"","_monsterinsights_sitenote_category":0,"_price":"","_stock":"","_tribe_ticket_header":"","_tribe_default_ticket_provider":"","_ticket_start_date":"","_ticket_end_date":"","_tribe_ticket_show_description":"","_tribe_ticket_show_not_going":false,"_tribe_ticket_use_global_stock":"","_tribe_ticket_global_stock_level":"","_global_stock_mode":"","_global_stock_cap":"","_tribe_rsvp_for_event":"","_tribe_ticket_going_count":"","_tribe_ticket_not_going_count":"","_tribe_tickets_list":"[]","_tribe_ticket_has_attendee_info_fields":false,"footnotes":"","_tec_slr_enabled":"","_tec_slr_layout":""},"class_list":["post-2856","page","type-page","status-publish","hentry"],"aioseo_notices":[],"jetpack_sharing_enabled":true,"ticketed":false,"_links":{"self":[{"href":"https:\/\/compostelastreet.gal\/gl\/wp-json\/wp\/v2\/pages\/2856","targetHints":{"allow":["GET"]}}],"collection":[{"href":"https:\/\/compostelastreet.gal\/gl\/wp-json\/wp\/v2\/pages"}],"about":[{"href":"https:\/\/compostelastreet.gal\/gl\/wp-json\/wp\/v2\/types\/page"}],"author":[{"embeddable":true,"href":"https:\/\/compostelastreet.gal\/gl\/wp-json\/wp\/v2\/users\/2"}],"replies":[{"embeddable":true,"href":"https:\/\/compostelastreet.gal\/gl\/wp-json\/wp\/v2\/comments?post=2856"}],"version-history":[{"count":20,"href":"https:\/\/compostelastreet.gal\/gl\/wp-json\/wp\/v2\/pages\/2856\/revisions"}],"predecessor-version":[{"id":3458,"href":"https:\/\/compostelastreet.gal\/gl\/wp-json\/wp\/v2\/pages\/2856\/revisions\/3458"}],"wp:attachment":[{"href":"https:\/\/compostelastreet.gal\/gl\/wp-json\/wp\/v2\/media?parent=2856"}],"curies":[{"name":"wp","href":"https:\/\/api.w.org\/{rel}","templated":true}]}}