{"id":2792,"date":"2025-02-15T16:27:30","date_gmt":"2025-02-15T15:27:30","guid":{"rendered":"https:\/\/compostelastreet.com\/?page_id=2792"},"modified":"2025-05-23T13:06:36","modified_gmt":"2025-05-23T11:06:36","slug":"mural-eco","status":"publish","type":"page","link":"https:\/\/compostelastreet.gal\/gl\/mural-eco\/","title":{"rendered":"Mural Eco"},"content":{"rendered":"<div class=\"wpb-content-wrapper\"><div class=\"vc_row wpb_row vc_row-fluid shape_divider_top-none shape_divider_bottom-none\"><div class=\"wpb_column vc_column_container vc_col-sm-2 sc_layouts_column_icons_position_left\"><div class=\"vc_column-inner\"><div class=\"wpb_wrapper\"><\/div><\/div><\/div><div class=\"wpb_column vc_column_container vc_col-sm-8 sc_layouts_column_icons_position_left\"><div class=\"vc_column-inner\"><div class=\"wpb_wrapper\"><div class=\"vc_empty_space  hide_on_mobile\"   style=\"height: 5.5em\"><span class=\"vc_empty_space_inner\"><\/span><\/div><div class=\"vc_empty_space  hide_on_desktop hide_on_notebook hide_on_tablet\"   style=\"height: 3em\"><span class=\"vc_empty_space_inner\"><\/span><\/div><div class=\"vc_empty_space  hide_on_mobile\"   style=\"height: 3em\"><span class=\"vc_empty_space_inner\"><\/span><\/div><div class=\"vc_empty_space  hide_on_desktop hide_on_notebook hide_on_tablet\"   style=\"height: 1.5em\"><span class=\"vc_empty_space_inner\"><\/span><\/div>\n\t<div  class=\"wpb_single_image wpb_content_element vc_align_center wpb_content_element\">\n\t\t\n\t\t<figure class=\"wpb_wrapper vc_figure\">\n\t\t\t<div class=\"vc_single_image-wrapper   vc_box_border_grey\"><img fetchpriority=\"high\" decoding=\"async\" width=\"1080\" height=\"720\" src=\"https:\/\/i0.wp.com\/compostelastreet.gal\/wp-content\/uploads\/2025\/02\/Mural-foto.jpg?fit=1080%2C720&amp;ssl=1\" class=\"vc_single_image-img attachment-full\" alt=\"\" title=\"Mural-foto\" srcset=\"https:\/\/i0.wp.com\/compostelastreet.gal\/wp-content\/uploads\/2025\/02\/Mural-foto.jpg?w=1080&amp;ssl=1 1080w, https:\/\/i0.wp.com\/compostelastreet.gal\/wp-content\/uploads\/2025\/02\/Mural-foto.jpg?resize=300%2C200&amp;ssl=1 300w, https:\/\/i0.wp.com\/compostelastreet.gal\/wp-content\/uploads\/2025\/02\/Mural-foto.jpg?resize=1024%2C683&amp;ssl=1 1024w, https:\/\/i0.wp.com\/compostelastreet.gal\/wp-content\/uploads\/2025\/02\/Mural-foto.jpg?resize=768%2C512&amp;ssl=1 768w, https:\/\/i0.wp.com\/compostelastreet.gal\/wp-content\/uploads\/2025\/02\/Mural-foto.jpg?resize=370%2C247&amp;ssl=1 370w, https:\/\/i0.wp.com\/compostelastreet.gal\/wp-content\/uploads\/2025\/02\/Mural-foto.jpg?resize=770%2C513&amp;ssl=1 770w, https:\/\/i0.wp.com\/compostelastreet.gal\/wp-content\/uploads\/2025\/02\/Mural-foto.jpg?resize=470%2C313&amp;ssl=1 470w\" sizes=\"(max-width: 1080px) 100vw, 1080px\" \/><\/div>\n\t\t<\/figure>\n\t<\/div>\n<div class=\"vc_empty_space  hide_on_mobile\"   style=\"height: 3.15em\"><span class=\"vc_empty_space_inner\"><\/span><\/div><div class=\"vc_empty_space  hide_on_desktop hide_on_notebook hide_on_tablet\"   style=\"height: 1.5em\"><span class=\"vc_empty_space_inner\"><\/span><\/div>\n\t<div class=\"wpb_text_column wpb_content_element\" >\n\t\t<div class=\"wpb_wrapper\">\n\t\t\t<p style=\"text-align: center;\">Mural antipoluci\u00f3n de tem\u00e1tica ambiental realizado sobre un muro artificial de 2\u00d73 metros da man de 1 artista profesional.<\/p>\n<p><img data-recalc-dims=\"1\" decoding=\"async\" class=\"aligncenter wp-image-2793 size-full\" src=\"https:\/\/i0.wp.com\/compostelastreet.com\/wp-content\/uploads\/2025\/02\/Icon-CO2.png?resize=150%2C150&#038;ssl=1\" alt=\"\" width=\"150\" height=\"150\" srcset=\"https:\/\/i0.wp.com\/compostelastreet.gal\/wp-content\/uploads\/2025\/02\/Icon-CO2.png?w=150&amp;ssl=1 150w, https:\/\/i0.wp.com\/compostelastreet.gal\/wp-content\/uploads\/2025\/02\/Icon-CO2.png?resize=90%2C90&amp;ssl=1 90w\" sizes=\"(max-width: 150px) 100vw, 150px\" \/><\/p>\n<p style=\"text-align: center;\">Este traballo ser\u00e1 realizado con <strong>pinturas fotocatal\u00edticas<\/strong>. Estas pinturas, creadas mediante nanotecnolox\u00eda e pigmentos naturais, te\u00f1en <strong>capacidade para purificar o aire <\/strong>ao descompo\u00f1er os contaminantes atmosf\u00e9ricos, responsable do efecto invernadoiro. <strong>Cada metro cadrado pintado equivale ao efecto depurativo que ten unha \u00e1rbore adulta<\/strong> sobre o medio ambiente, fusionando deste xeito arte e activismo ecol\u00f3xico para xerar un impacto positivo na contorna.<\/p>\n<p style=\"text-align: center;\">Este formato ax\u00fastase \u00e1 li\u00f1a \u201cEco Friendly\u201d que define ao noso festival e que est\u00e1 ali\u00f1ada cos obxectivos de desenvolvemento sostible da axenda 2030 (ODS), buscando reducir ao m\u00e1ximo as emisi\u00f3ns de di\u00f3xido de carbono (CO\u2082) e compensar as que non se poden evitar, co obxectivo de lograr un impacto clim\u00e1tico neutro ou mesmo positivo na contorna do festival.<\/p>\n\n\t\t<\/div>\n\t<\/div>\n<div class=\"vc_empty_space  hide_on_mobile\"   style=\"height: 2em\"><span class=\"vc_empty_space_inner\"><\/span><\/div><div class=\"vc_empty_space  hide_on_desktop hide_on_notebook hide_on_tablet\"   style=\"height: 1em\"><span class=\"vc_empty_space_inner\"><\/span><\/div><div class=\"vc_empty_space  hide_on_desktop hide_on_notebook hide_on_tablet\"   style=\"height: 3em\"><span class=\"vc_empty_space_inner\"><\/span><\/div><div class=\"vc_empty_space  hide_on_mobile\"   style=\"height: 6.5em\"><span class=\"vc_empty_space_inner\"><\/span><\/div><\/div><\/div><\/div><div class=\"wpb_column vc_column_container vc_col-sm-2 sc_layouts_column_icons_position_left\"><div class=\"vc_column-inner\"><div class=\"wpb_wrapper\"><\/div><\/div><\/div><\/div><div data-vc-full-width=\"true\" data-vc-full-width-init=\"false\" class=\"vc_row wpb_row vc_row-fluid vc_custom_1526906453066 vc_row-has-fill shape_divider_top-none shape_divider_bottom-none\"><div class=\"wpb_column vc_column_container vc_col-sm-12 sc_layouts_column_icons_position_left\"><div class=\"vc_column-inner\"><div class=\"wpb_wrapper\"><div class=\"vc_empty_space  hide_on_mobile\"   style=\"height: 5.5em\"><span class=\"vc_empty_space_inner\"><\/span><\/div><div class=\"vc_empty_space  hide_on_desktop hide_on_notebook hide_on_tablet\"   style=\"height: 3em\"><span class=\"vc_empty_space_inner\"><\/span><\/div><div  id=\"sc_team_1943837696\"\t\tclass=\"sc_team sc_team_default\"><h2 class=\"sc_item_title sc_team_title sc_align_left sc_item_title_style_default\">Artista<\/h2><div class=\"sc_team_columns_wrap sc_item_columns sc_item_posts_container trx_addons_columns_wrap columns_padding_bottom\"><div class=\"trx_addons_column-1_4\"><div class=\"sc_team_item no_links post-2817 cpt_team type-cpt_team status-publish has-post-thumbnail hentry\">\r\n\t<div class=\"post_featured with_thumb hover_dots sc_team_item_thumb\"><img decoding=\"async\" width=\"265\" height=\"330\" src=\"https:\/\/i0.wp.com\/compostelastreet.gal\/wp-content\/uploads\/2018\/05\/Persona-2.jpg?resize=265%2C330&amp;ssl=1\" class=\"attachment-emojination-thumb-team size-emojination-thumb-team wp-post-image\" alt=\"\" srcset=\"https:\/\/i0.wp.com\/compostelastreet.gal\/wp-content\/uploads\/2018\/05\/Persona-2.jpg?resize=265%2C330&amp;ssl=1 265w, https:\/\/i0.wp.com\/compostelastreet.gal\/wp-content\/uploads\/2018\/05\/Persona-2.jpg?zoom=2&amp;resize=265%2C330&amp;ssl=1 530w\" sizes=\"(max-width: 265px) 100vw, 265px\" \/>\t\t\t\t\t\t<div class=\"mask\"><\/div>\n\t\t\t\t\t\t\t\t\t<a href=\"https:\/\/compostelastreet.gal\/gl\/team\/artista-mural\/\"  aria-hidden=\"true\" class=\"icons\"><span><\/span><span><\/span><span><\/span><\/a>\n\t\t\t<\/div>\t<div class=\"sc_team_item_info\">\r\n\t\t<div class=\"sc_team_item_header\">\r\n\t\t\t<h4 class=\"sc_team_item_title\"><a href=\"https:\/\/compostelastreet.gal\/gl\/team\/artista-mural\/\">Artista Mural<\/a><\/h4>\r\n\t\t\t<div class=\"sc_team_item_subtitle\">Nome<\/div>\r\n\t\t<\/div>\r\n\t\t<div class=\"sc_team_item_content\"><p>Presentaci\u00f3n.<\/p>\n<\/div>\r\n\t\t<div class=\"sc_team_item_socials socials_wrap\"><a target=\"_blank\" href=\"https:\/\/www.instagram.com\" class=\"social_item social_item_style_icons sc_icon_type_icons social_item_type_icons\"><span class=\"social_icon social_icon_instagramm\"><span class=\"icon-instagramm\"><\/span><\/span><\/a><\/div><div class=\"sc_team_item_button\"><a href=\"https:\/\/compostelastreet.gal\/gl\/team\/artista-mural\/\" class=\"sc_button sc_button_simple\">+info<\/a><\/div><\/div>\r\n<\/div><\/div><\/div><\/div><!-- \/.sc_team --><div class=\"vc_empty_space  hide_on_mobile\"   style=\"height: 3em\"><span class=\"vc_empty_space_inner\"><\/span><\/div><div class=\"vc_empty_space  hide_on_desktop hide_on_notebook hide_on_tablet\"   style=\"height: 1.5em\"><span class=\"vc_empty_space_inner\"><\/span><\/div><\/div><\/div><\/div><\/div><div class=\"vc_row-full-width vc_clearfix\"><\/div><div data-vc-full-width=\"true\" data-vc-full-width-init=\"false\" class=\"vc_row wpb_row vc_row-fluid shape_divider_top-none shape_divider_bottom-none sc_layouts_hide_on_tablet sc_layouts_hide_on_mobile\"><div class=\"wpb_column vc_column_container vc_col-sm-12 sc_layouts_column_icons_position_left\"><div class=\"vc_column-inner\"><div class=\"wpb_wrapper\"><div class=\"vc_empty_space  hide_on_mobile\"   style=\"height: 5em\"><span class=\"vc_empty_space_inner\"><\/span><\/div><div class=\"vc_empty_space  hide_on_desktop hide_on_notebook hide_on_tablet\"   style=\"height: 3em\"><span class=\"vc_empty_space_inner\"><\/span><\/div><div id=\"widget_slider_464916831\" class=\"widget_area sc_widget_slider vc_widget_slider wpb_content_element\"><aside id=\"widget_slider_464916831_widget\" class=\"widget widget_slider\">\t\t\t<div class=\"slider_wrap slider_engine_swiper\">\r\n\t\t\t\t<div id=\"widget_slider_464916831_outer\" class=\"slider_outer slider_swiper_outer slider_style_default slider_outer_direction_horizontal slider_outer_multi slider_outer_nopagination slider_outer_nocontrols slider_outer_titles_center\"><div id=\"widget_slider_464916831_swiper\" class=\"slider_container slider_swiper swiper-slider-container slider_nocontrols slider_titles_center slider_noresize slider_height_auto slider_direction_horizontal slider_nopagination slider_multi slider_type_images\" data-ratio=\"16:9\" data-interval=\"0\" data-effect=\"slide\" data-pagination=\"bullets\" data-direction=\"horizontal\" data-slides-per-view=\"3\" data-slides-space=\"170\" data-slides-min-width=\"150\"><div class=\"slider-wrapper swiper-wrapper\"><div  class=\"slider-slide swiper-slide\" data-image=\"https:\/\/compostelastreet.gal\/wp-content\/uploads\/2025\/02\/Logo-Sponsor-Santiago.png\" style=\"\"><img data-recalc-dims=\"1\" decoding=\"async\" src=\"https:\/\/i0.wp.com\/compostelastreet.gal\/wp-content\/uploads\/2025\/02\/Logo-Sponsor-Santiago.png?w=1170&#038;ssl=1\" alt=\"\"><\/div><div  class=\"slider-slide swiper-slide\" data-image=\"https:\/\/compostelastreet.gal\/wp-content\/uploads\/2025\/02\/Logo-Sponsor-Xunta.png\" style=\"\"><img data-recalc-dims=\"1\" decoding=\"async\" src=\"https:\/\/i0.wp.com\/compostelastreet.gal\/wp-content\/uploads\/2025\/02\/Logo-Sponsor-Xunta.png?w=1170&#038;ssl=1\" alt=\"\"><\/div><div  class=\"slider-slide swiper-slide\" data-image=\"https:\/\/compostelastreet.gal\/wp-content\/uploads\/2025\/05\/Logo-Sponsor-DeporteGalego2-azul2.png\" style=\"\"><img data-recalc-dims=\"1\" decoding=\"async\" src=\"https:\/\/i0.wp.com\/compostelastreet.gal\/wp-content\/uploads\/2025\/05\/Logo-Sponsor-DeporteGalego2-azul2.png?w=1170&#038;ssl=1\" alt=\"\"><\/div><\/div><!-- \/.slider-wrapper --><\/div><!-- \/.slider_container --><\/div><!-- \/.slider_outer -->\t\t\t<\/div>\r\n\t\t\t<\/aside><\/div><div class=\"vc_empty_space  hide_on_mobile\"   style=\"height: 3em\"><span class=\"vc_empty_space_inner\"><\/span><\/div><div class=\"vc_empty_space  hide_on_desktop hide_on_notebook hide_on_tablet\"   style=\"height: 2.5em\"><span class=\"vc_empty_space_inner\"><\/span><\/div><div id=\"widget_slider_991305930\" class=\"widget_area sc_widget_slider vc_widget_slider wpb_content_element\"><aside id=\"widget_slider_991305930_widget\" class=\"widget widget_slider\">\t\t\t<div class=\"slider_wrap slider_engine_swiper\">\r\n\t\t\t\t<div id=\"widget_slider_991305930_outer\" class=\"slider_outer slider_swiper_outer slider_style_default slider_outer_direction_horizontal slider_outer_multi slider_outer_nopagination slider_outer_nocontrols slider_outer_titles_center\"><div id=\"widget_slider_991305930_swiper\" class=\"slider_container slider_swiper swiper-slider-container slider_nocontrols slider_titles_center slider_noresize slider_height_auto slider_direction_horizontal slider_nopagination slider_multi slider_type_images\" data-ratio=\"16:9\" data-interval=\"3000\" data-effect=\"slide\" data-pagination=\"bullets\" data-direction=\"horizontal\" data-slides-per-view=\"2\" data-slides-space=\"170\" data-slides-min-width=\"150\"><div class=\"slider-wrapper swiper-wrapper\"><div  class=\"slider-slide swiper-slide\" data-image=\"https:\/\/compostelastreet.gal\/wp-content\/uploads\/2025\/02\/Logo-Sponsor.png\" style=\"\"><img data-recalc-dims=\"1\" decoding=\"async\" src=\"https:\/\/i0.wp.com\/compostelastreet.gal\/wp-content\/uploads\/2025\/02\/Logo-Sponsor.png?w=1170&#038;ssl=1\" alt=\"\"><\/div><div  class=\"slider-slide swiper-slide\" data-image=\"https:\/\/compostelastreet.gal\/wp-content\/uploads\/2025\/05\/Logo-Sponsor-Cogami2.png\" style=\"\"><img data-recalc-dims=\"1\" decoding=\"async\" src=\"https:\/\/i0.wp.com\/compostelastreet.gal\/wp-content\/uploads\/2025\/05\/Logo-Sponsor-Cogami2.png?w=1170&#038;ssl=1\" alt=\"\"><\/div><\/div><!-- \/.slider-wrapper --><\/div><!-- \/.slider_container --><\/div><!-- \/.slider_outer -->\t\t\t<\/div>\r\n\t\t\t<\/aside><\/div><div class=\"vc_empty_space  hide_on_mobile\"   style=\"height: 6em\"><span class=\"vc_empty_space_inner\"><\/span><\/div><div class=\"vc_empty_space  hide_on_desktop hide_on_notebook hide_on_tablet\"   style=\"height: 3em\"><span class=\"vc_empty_space_inner\"><\/span><\/div><\/div><\/div><\/div><\/div><div class=\"vc_row-full-width vc_clearfix\"><\/div><div data-vc-full-width=\"true\" data-vc-full-width-init=\"false\" class=\"vc_row wpb_row vc_row-fluid shape_divider_top-none shape_divider_bottom-none sc_layouts_hide_on_desktop sc_layouts_hide_on_notebook\"><div class=\"wpb_column vc_column_container vc_col-sm-12 sc_layouts_column_icons_position_left\"><div class=\"vc_column-inner\"><div class=\"wpb_wrapper\"><div class=\"vc_empty_space  hide_on_mobile\"   style=\"height: 6.5em\"><span class=\"vc_empty_space_inner\"><\/span><\/div><div class=\"vc_empty_space  hide_on_desktop hide_on_notebook hide_on_tablet\"   style=\"height: 3em\"><span class=\"vc_empty_space_inner\"><\/span><\/div>\n\t<div  class=\"wpb_single_image wpb_content_element vc_align_left wpb_content_element\">\n\t\t\n\t\t<figure class=\"wpb_wrapper vc_figure\">\n\t\t\t<div class=\"vc_single_image-wrapper   vc_box_border_grey\"><img loading=\"lazy\" decoding=\"async\" width=\"1050\" height=\"350\" src=\"https:\/\/i0.wp.com\/compostelastreet.gal\/wp-content\/uploads\/2025\/05\/Logos-Sponsors-Institucionales-color.png?fit=1050%2C350&amp;ssl=1\" class=\"vc_single_image-img attachment-full\" alt=\"\" title=\"Logos-Sponsors-Institucionales-color\" srcset=\"https:\/\/i0.wp.com\/compostelastreet.gal\/wp-content\/uploads\/2025\/05\/Logos-Sponsors-Institucionales-color.png?w=1050&amp;ssl=1 1050w, https:\/\/i0.wp.com\/compostelastreet.gal\/wp-content\/uploads\/2025\/05\/Logos-Sponsors-Institucionales-color.png?resize=300%2C100&amp;ssl=1 300w, https:\/\/i0.wp.com\/compostelastreet.gal\/wp-content\/uploads\/2025\/05\/Logos-Sponsors-Institucionales-color.png?resize=1024%2C341&amp;ssl=1 1024w, https:\/\/i0.wp.com\/compostelastreet.gal\/wp-content\/uploads\/2025\/05\/Logos-Sponsors-Institucionales-color.png?resize=768%2C256&amp;ssl=1 768w, https:\/\/i0.wp.com\/compostelastreet.gal\/wp-content\/uploads\/2025\/05\/Logos-Sponsors-Institucionales-color.png?resize=18%2C6&amp;ssl=1 18w, https:\/\/i0.wp.com\/compostelastreet.gal\/wp-content\/uploads\/2025\/05\/Logos-Sponsors-Institucionales-color.png?resize=370%2C123&amp;ssl=1 370w, https:\/\/i0.wp.com\/compostelastreet.gal\/wp-content\/uploads\/2025\/05\/Logos-Sponsors-Institucionales-color.png?resize=770%2C257&amp;ssl=1 770w, https:\/\/i0.wp.com\/compostelastreet.gal\/wp-content\/uploads\/2025\/05\/Logos-Sponsors-Institucionales-color.png?resize=470%2C157&amp;ssl=1 470w\" sizes=\"(max-width: 1050px) 100vw, 1050px\" \/><\/div>\n\t\t<\/figure>\n\t<\/div>\n<div class=\"vc_empty_space  hide_on_mobile\"   style=\"height: 2.5em\"><span class=\"vc_empty_space_inner\"><\/span><\/div><div class=\"vc_empty_space  hide_on_desktop hide_on_notebook hide_on_tablet\"   style=\"height: 2.5em\"><span class=\"vc_empty_space_inner\"><\/span><\/div><div id=\"widget_slider_246451172\" class=\"widget_area sc_widget_slider vc_widget_slider wpb_content_element\"><aside id=\"widget_slider_246451172_widget\" class=\"widget widget_slider\">\t\t\t<div class=\"slider_wrap slider_engine_swiper\">\r\n\t\t\t\t<div id=\"widget_slider_246451172_outer\" class=\"slider_outer slider_swiper_outer slider_style_default slider_outer_direction_horizontal slider_outer_multi slider_outer_nopagination slider_outer_nocontrols slider_outer_titles_center\"><div id=\"widget_slider_246451172_swiper\" class=\"slider_container slider_swiper swiper-slider-container slider_nocontrols slider_titles_center slider_noresize slider_height_auto slider_direction_horizontal slider_nopagination slider_multi slider_type_images\" data-ratio=\"16:9\" data-interval=\"3000\" data-effect=\"slide\" data-pagination=\"bullets\" data-direction=\"horizontal\" data-slides-per-view=\"2\" data-slides-space=\"150\" data-slides-min-width=\"150\"><div class=\"slider-wrapper swiper-wrapper\"><div  class=\"slider-slide swiper-slide\" data-image=\"https:\/\/compostelastreet.gal\/wp-content\/uploads\/2025\/02\/Logo-Sponsor.png\" style=\"\"><img data-recalc-dims=\"1\" decoding=\"async\" src=\"https:\/\/i0.wp.com\/compostelastreet.gal\/wp-content\/uploads\/2025\/02\/Logo-Sponsor.png?w=1170&#038;ssl=1\" alt=\"\"><\/div><div  class=\"slider-slide swiper-slide\" data-image=\"https:\/\/compostelastreet.gal\/wp-content\/uploads\/2025\/05\/Logo-Sponsor-Cogami2.png\" style=\"\"><img data-recalc-dims=\"1\" decoding=\"async\" src=\"https:\/\/i0.wp.com\/compostelastreet.gal\/wp-content\/uploads\/2025\/05\/Logo-Sponsor-Cogami2.png?w=1170&#038;ssl=1\" alt=\"\"><\/div><\/div><!-- \/.slider-wrapper --><\/div><!-- \/.slider_container --><\/div><!-- \/.slider_outer -->\t\t\t<\/div>\r\n\t\t\t<\/aside><\/div><div class=\"vc_empty_space  hide_on_mobile\"   style=\"height: 6.8em\"><span class=\"vc_empty_space_inner\"><\/span><\/div><div class=\"vc_empty_space  hide_on_desktop hide_on_notebook hide_on_tablet\"   style=\"height: 2.5em\"><span class=\"vc_empty_space_inner\"><\/span><\/div><\/div><\/div><\/div><\/div><div class=\"vc_row-full-width vc_clearfix\"><\/div>\n<\/div>","protected":false},"excerpt":{"rendered":"Presentaci\u00f3n.","protected":false},"author":2,"featured_media":2795,"parent":0,"menu_order":0,"comment_status":"closed","ping_status":"closed","template":"","meta":{"_monsterinsights_skip_tracking":false,"_monsterinsights_sitenote_active":false,"_monsterinsights_sitenote_note":"","_monsterinsights_sitenote_category":0,"_price":"","_stock":"","_tribe_ticket_header":"","_tribe_default_ticket_provider":"","_ticket_start_date":"","_ticket_end_date":"","_tribe_ticket_show_description":"","_tribe_ticket_show_not_going":false,"_tribe_ticket_use_global_stock":"","_tribe_ticket_global_stock_level":"","_global_stock_mode":"","_global_stock_cap":"","_tribe_rsvp_for_event":"","_tribe_ticket_going_count":"","_tribe_ticket_not_going_count":"","_tribe_tickets_list":"[]","_tribe_ticket_has_attendee_info_fields":false,"footnotes":"","_tec_slr_enabled":"","_tec_slr_layout":""},"class_list":["post-2792","page","type-page","status-publish","has-post-thumbnail","hentry"],"aioseo_notices":[],"jetpack_sharing_enabled":true,"ticketed":false,"_links":{"self":[{"href":"https:\/\/compostelastreet.gal\/gl\/wp-json\/wp\/v2\/pages\/2792","targetHints":{"allow":["GET"]}}],"collection":[{"href":"https:\/\/compostelastreet.gal\/gl\/wp-json\/wp\/v2\/pages"}],"about":[{"href":"https:\/\/compostelastreet.gal\/gl\/wp-json\/wp\/v2\/types\/page"}],"author":[{"embeddable":true,"href":"https:\/\/compostelastreet.gal\/gl\/wp-json\/wp\/v2\/users\/2"}],"replies":[{"embeddable":true,"href":"https:\/\/compostelastreet.gal\/gl\/wp-json\/wp\/v2\/comments?post=2792"}],"version-history":[{"count":9,"href":"https:\/\/compostelastreet.gal\/gl\/wp-json\/wp\/v2\/pages\/2792\/revisions"}],"predecessor-version":[{"id":3318,"href":"https:\/\/compostelastreet.gal\/gl\/wp-json\/wp\/v2\/pages\/2792\/revisions\/3318"}],"wp:featuredmedia":[{"embeddable":true,"href":"https:\/\/compostelastreet.gal\/gl\/wp-json\/wp\/v2\/media\/2795"}],"wp:attachment":[{"href":"https:\/\/compostelastreet.gal\/gl\/wp-json\/wp\/v2\/media?parent=2792"}],"curies":[{"name":"wp","href":"https:\/\/api.w.org\/{rel}","templated":true}]}}