{"id":2236,"date":"2025-02-03T12:18:59","date_gmt":"2025-02-03T11:18:59","guid":{"rendered":"https:\/\/compostelastreet.com\/?page_id=2236"},"modified":"2025-05-29T15:39:57","modified_gmt":"2025-05-29T13:39:57","slug":"skate-cash-for-tricks","status":"publish","type":"page","link":"https:\/\/compostelastreet.gal\/gl\/skate-cash-for-tricks\/","title":{"rendered":"Skate Cash For Tricks"},"content":{"rendered":"<div class=\"wpb-content-wrapper\"><div class=\"vc_row wpb_row vc_row-fluid shape_divider_top-none shape_divider_bottom-none\"><div class=\"wpb_column vc_column_container vc_col-sm-2 sc_layouts_column_icons_position_left\"><div class=\"vc_column-inner\"><div class=\"wpb_wrapper\"><\/div><\/div><\/div><div class=\"wpb_column vc_column_container vc_col-sm-8 sc_layouts_column_icons_position_left\"><div class=\"vc_column-inner\"><div class=\"wpb_wrapper\"><div class=\"vc_empty_space  hide_on_mobile\"   style=\"height: 5.5em\"><span class=\"vc_empty_space_inner\"><\/span><\/div><div class=\"vc_empty_space  hide_on_desktop hide_on_notebook hide_on_tablet\"   style=\"height: 3em\"><span class=\"vc_empty_space_inner\"><\/span><\/div><div class=\"vc_empty_space  hide_on_mobile\"   style=\"height: 3em\"><span class=\"vc_empty_space_inner\"><\/span><\/div><div class=\"vc_empty_space  hide_on_desktop hide_on_notebook hide_on_tablet\"   style=\"height: 1.5em\"><span class=\"vc_empty_space_inner\"><\/span><\/div>\n\t<div  class=\"wpb_single_image wpb_content_element vc_align_center wpb_content_element\">\n\t\t\n\t\t<figure class=\"wpb_wrapper vc_figure\">\n\t\t\t<div class=\"vc_single_image-wrapper   vc_box_border_grey\"><img fetchpriority=\"high\" decoding=\"async\" width=\"1080\" height=\"720\" src=\"https:\/\/i0.wp.com\/compostelastreet.gal\/wp-content\/uploads\/2025\/05\/Skate-tricks-foto.jpg?fit=1080%2C720&amp;ssl=1\" class=\"vc_single_image-img attachment-full\" alt=\"\" title=\"Skate-tricks-foto\" srcset=\"https:\/\/i0.wp.com\/compostelastreet.gal\/wp-content\/uploads\/2025\/05\/Skate-tricks-foto.jpg?w=1080&amp;ssl=1 1080w, https:\/\/i0.wp.com\/compostelastreet.gal\/wp-content\/uploads\/2025\/05\/Skate-tricks-foto.jpg?resize=300%2C200&amp;ssl=1 300w, https:\/\/i0.wp.com\/compostelastreet.gal\/wp-content\/uploads\/2025\/05\/Skate-tricks-foto.jpg?resize=1024%2C683&amp;ssl=1 1024w, https:\/\/i0.wp.com\/compostelastreet.gal\/wp-content\/uploads\/2025\/05\/Skate-tricks-foto.jpg?resize=768%2C512&amp;ssl=1 768w, https:\/\/i0.wp.com\/compostelastreet.gal\/wp-content\/uploads\/2025\/05\/Skate-tricks-foto.jpg?resize=18%2C12&amp;ssl=1 18w, https:\/\/i0.wp.com\/compostelastreet.gal\/wp-content\/uploads\/2025\/05\/Skate-tricks-foto.jpg?resize=370%2C247&amp;ssl=1 370w, https:\/\/i0.wp.com\/compostelastreet.gal\/wp-content\/uploads\/2025\/05\/Skate-tricks-foto.jpg?resize=770%2C513&amp;ssl=1 770w, https:\/\/i0.wp.com\/compostelastreet.gal\/wp-content\/uploads\/2025\/05\/Skate-tricks-foto.jpg?resize=470%2C313&amp;ssl=1 470w\" sizes=\"(max-width: 1080px) 100vw, 1080px\" \/><\/div>\n\t\t<\/figure>\n\t<\/div>\n<div class=\"vc_empty_space  hide_on_mobile\"   style=\"height: 3.15em\"><span class=\"vc_empty_space_inner\"><\/span><\/div><div class=\"vc_empty_space  hide_on_desktop hide_on_notebook hide_on_tablet\"   style=\"height: 1.5em\"><span class=\"vc_empty_space_inner\"><\/span><\/div>\n\t<div class=\"wpb_text_column wpb_content_element\" >\n\t\t<div class=\"wpb_wrapper\">\n\t\t\t<p style=\"text-align: center;\">Skate Cash For Tricks \u00e9 unha proba que premia con di\u00f1eiro en efectivo aos mellores trucos de Skate realizados sobre un spot de r\u00faa montado para esta ocasi\u00f3n e que pode inclu\u00edr unha varanda, un caix\u00f3n, escaleira ou gap. Cada vez que un skater fai un truco limpo ou creativo ga\u00f1a un cheque e canto m\u00e1is complexo ou diferente sexa o truco m\u00e1is di\u00f1eiro ga\u00f1a.<\/p>\n<p style=\"text-align: center;\">A participaci\u00f3n nesta proba ser\u00e1 baixo inscrici\u00f3n.<\/p>\n\n\t\t<\/div>\n\t<\/div>\n<div class=\"vc_empty_space  hide_on_mobile\"   style=\"height: 2em\"><span class=\"vc_empty_space_inner\"><\/span><\/div><div class=\"vc_empty_space  hide_on_desktop hide_on_notebook hide_on_tablet\"   style=\"height: 1em\"><span class=\"vc_empty_space_inner\"><\/span><\/div><div  id=\"sc_socials_1366374693\" \r\n\t\tclass=\"sc_socials hide_on_mobile hide_on_tablet hide_on_notebook hide_on_desktop sc_socials_default sc_align_center\"><div class=\"socials_wrap\"><a target=\"_blank\" href=\"https:\/\/www.spanishbeatbox.com\/\" class=\"social_item social_item_style_icons sc_icon_type_icons social_item_type_icons\"><span class=\"social_icon social_icon_globe\"><span class=\"icon-globe\"><\/span><\/span><\/a><a target=\"_blank\" href=\"https:\/\/www.instagram.com\/spanish_beatbox\/\" class=\"social_item social_item_style_icons sc_icon_type_icons social_item_type_icons\"><span class=\"social_icon social_icon_instagramm\"><span class=\"icon-instagramm\"><\/span><\/span><\/a><\/div><!-- \/.socials_wrap --><\/div><!-- \/.sc_socials --><div class=\"vc_empty_space  hide_on_mobile\"   style=\"height: 6.5em\"><span class=\"vc_empty_space_inner\"><\/span><\/div><div class=\"vc_empty_space  hide_on_desktop hide_on_notebook hide_on_tablet\"   style=\"height: 3em\"><span class=\"vc_empty_space_inner\"><\/span><\/div>\n<div class=\"vc-zigzag-wrapper vc-zigzag-align-center\"><div class=\"vc-zigzag-inner\" style=\"width: 100%;min-height: 14px;background: 0 repeat-x url(&#039;data:image\/svg+xml;utf-8,%3C%3Fxml%20version%3D%221.0%22%20encoding%3D%22utf-8%22%3F%3E%3C%21DOCTYPE%20svg%20PUBLIC%20%22-%2F%2FW3C%2F%2FDTD%20SVG%201.1%2F%2FEN%22%20%22http%3A%2F%2Fwww.w3.org%2FGraphics%2FSVG%2F1.1%2FDTD%2Fsvg11.dtd%22%3E%3Csvg%20width%3D%2214px%22%20height%3D%2212px%22%20viewBox%3D%220%200%2018%2015%22%20version%3D%221.1%22%20xmlns%3D%22http%3A%2F%2Fwww.w3.org%2F2000%2Fsvg%22%20xmlns%3Axlink%3D%22http%3A%2F%2Fwww.w3.org%2F1999%2Fxlink%22%3E%3Cpolygon%20id%3D%22Combined-Shape%22%20fill%3D%22%2385D8DB%22%20points%3D%228.98762301%200%200%209.12771969%200%2014.519983%209%205.40479869%2018%2014.519983%2018%209.12771969%22%3E%3C%2Fpolygon%3E%3C%2Fsvg%3E&#039;);\"><\/div><\/div><\/div><\/div><\/div><div class=\"wpb_column vc_column_container vc_col-sm-2 sc_layouts_column_icons_position_left\"><div class=\"vc_column-inner\"><div class=\"wpb_wrapper\"><\/div><\/div><\/div><\/div><div data-vc-full-width=\"true\" data-vc-full-width-init=\"false\" class=\"vc_row wpb_row vc_row-fluid shape_divider_top-none shape_divider_bottom-none sc_layouts_hide_on_tablet sc_layouts_hide_on_mobile\"><div class=\"wpb_column vc_column_container vc_col-sm-12 sc_layouts_column_icons_position_left\"><div class=\"vc_column-inner\"><div class=\"wpb_wrapper\"><div class=\"vc_empty_space  hide_on_mobile\"   style=\"height: 5em\"><span class=\"vc_empty_space_inner\"><\/span><\/div><div class=\"vc_empty_space  hide_on_desktop hide_on_notebook hide_on_tablet\"   style=\"height: 3em\"><span class=\"vc_empty_space_inner\"><\/span><\/div><div id=\"widget_slider_1581052246\" class=\"widget_area sc_widget_slider vc_widget_slider wpb_content_element\"><aside id=\"widget_slider_1581052246_widget\" class=\"widget widget_slider\">\t\t\t<div class=\"slider_wrap slider_engine_swiper\">\r\n\t\t\t\t<div id=\"widget_slider_1581052246_outer\" class=\"slider_outer slider_swiper_outer slider_style_default slider_outer_direction_horizontal slider_outer_multi slider_outer_nopagination slider_outer_nocontrols slider_outer_titles_center\"><div id=\"widget_slider_1581052246_swiper\" class=\"slider_container slider_swiper swiper-slider-container slider_nocontrols slider_titles_center slider_noresize slider_height_auto slider_direction_horizontal slider_nopagination slider_multi slider_type_images\" data-ratio=\"16:9\" data-interval=\"0\" data-effect=\"slide\" data-pagination=\"bullets\" data-direction=\"horizontal\" data-slides-per-view=\"3\" data-slides-space=\"170\" data-slides-min-width=\"150\"><div class=\"slider-wrapper swiper-wrapper\"><div  class=\"slider-slide swiper-slide\" data-image=\"https:\/\/compostelastreet.gal\/wp-content\/uploads\/2025\/02\/Logo-Sponsor-Santiago.png\" style=\"\"><img data-recalc-dims=\"1\" decoding=\"async\" src=\"https:\/\/i0.wp.com\/compostelastreet.gal\/wp-content\/uploads\/2025\/02\/Logo-Sponsor-Santiago.png?w=1170&#038;ssl=1\" alt=\"\"><\/div><div  class=\"slider-slide swiper-slide\" data-image=\"https:\/\/compostelastreet.gal\/wp-content\/uploads\/2025\/05\/Logo-Sponsor-Xunta-color.png\" style=\"\"><img data-recalc-dims=\"1\" decoding=\"async\" src=\"https:\/\/i0.wp.com\/compostelastreet.gal\/wp-content\/uploads\/2025\/05\/Logo-Sponsor-Xunta-color.png?w=1170&#038;ssl=1\" alt=\"\"><\/div><div  class=\"slider-slide swiper-slide\" data-image=\"https:\/\/compostelastreet.gal\/wp-content\/uploads\/2025\/05\/Logo-Sponsor-DeporteGalego2-azul2.png\" style=\"\"><img data-recalc-dims=\"1\" decoding=\"async\" src=\"https:\/\/i0.wp.com\/compostelastreet.gal\/wp-content\/uploads\/2025\/05\/Logo-Sponsor-DeporteGalego2-azul2.png?w=1170&#038;ssl=1\" alt=\"\"><\/div><\/div><!-- \/.slider-wrapper --><\/div><!-- \/.slider_container --><\/div><!-- \/.slider_outer -->\t\t\t<\/div>\r\n\t\t\t<\/aside><\/div><div class=\"vc_empty_space  hide_on_mobile\"   style=\"height: 3em\"><span class=\"vc_empty_space_inner\"><\/span><\/div><div class=\"vc_empty_space  hide_on_desktop hide_on_notebook hide_on_tablet\"   style=\"height: 2.5em\"><span class=\"vc_empty_space_inner\"><\/span><\/div><div id=\"widget_slider_1969624320\" class=\"widget_area sc_widget_slider vc_widget_slider wpb_content_element\"><aside id=\"widget_slider_1969624320_widget\" class=\"widget widget_slider\">\t\t\t<div class=\"slider_wrap slider_engine_swiper\">\r\n\t\t\t\t<div id=\"widget_slider_1969624320_outer\" class=\"slider_outer slider_swiper_outer slider_style_default slider_outer_direction_horizontal slider_outer_multi slider_outer_nopagination slider_outer_nocontrols slider_outer_titles_center\"><div id=\"widget_slider_1969624320_swiper\" class=\"slider_container slider_swiper swiper-slider-container slider_nocontrols slider_titles_center slider_noresize slider_height_auto slider_direction_horizontal slider_nopagination slider_multi slider_type_images\" data-ratio=\"16:9\" data-interval=\"3000\" data-effect=\"slide\" data-pagination=\"bullets\" data-direction=\"horizontal\" data-slides-per-view=\"4\" data-slides-space=\"170\" data-slides-min-width=\"150\"><div class=\"slider-wrapper swiper-wrapper\"><div  class=\"slider-slide swiper-slide\" data-image=\"https:\/\/compostelastreet.gal\/wp-content\/uploads\/2025\/02\/Logo-Sponsor-SkateEscola.png\" style=\"\"><img data-recalc-dims=\"1\" decoding=\"async\" src=\"https:\/\/i0.wp.com\/compostelastreet.gal\/wp-content\/uploads\/2025\/02\/Logo-Sponsor-SkateEscola.png?w=1170&#038;ssl=1\" alt=\"\"><\/div><div  class=\"slider-slide swiper-slide\" data-image=\"https:\/\/compostelastreet.gal\/wp-content\/uploads\/2025\/05\/Logo-Sponsor-Gamus.png\" style=\"\"><img data-recalc-dims=\"1\" decoding=\"async\" src=\"https:\/\/i0.wp.com\/compostelastreet.gal\/wp-content\/uploads\/2025\/05\/Logo-Sponsor-Gamus.png?w=1170&#038;ssl=1\" alt=\"\"><\/div><div  class=\"slider-slide swiper-slide\" data-image=\"https:\/\/compostelastreet.gal\/wp-content\/uploads\/2025\/01\/Logo-Sponsor.png\" style=\"\"><img data-recalc-dims=\"1\" decoding=\"async\" src=\"https:\/\/i0.wp.com\/compostelastreet.gal\/wp-content\/uploads\/2025\/01\/Logo-Sponsor.png?w=1170&#038;ssl=1\" alt=\"\"><\/div><div  class=\"slider-slide swiper-slide\" data-image=\"https:\/\/compostelastreet.gal\/wp-content\/uploads\/2025\/01\/Logo-Sponsor.png\" style=\"\"><img data-recalc-dims=\"1\" decoding=\"async\" src=\"https:\/\/i0.wp.com\/compostelastreet.gal\/wp-content\/uploads\/2025\/01\/Logo-Sponsor.png?w=1170&#038;ssl=1\" alt=\"\"><\/div><\/div><!-- \/.slider-wrapper --><\/div><!-- \/.slider_container --><\/div><!-- \/.slider_outer -->\t\t\t<\/div>\r\n\t\t\t<\/aside><\/div><div class=\"vc_empty_space  hide_on_mobile\"   style=\"height: 6em\"><span class=\"vc_empty_space_inner\"><\/span><\/div><div class=\"vc_empty_space  hide_on_desktop hide_on_notebook hide_on_tablet\"   style=\"height: 3em\"><span class=\"vc_empty_space_inner\"><\/span><\/div><\/div><\/div><\/div><\/div><div class=\"vc_row-full-width vc_clearfix\"><\/div><div data-vc-full-width=\"true\" data-vc-full-width-init=\"false\" class=\"vc_row wpb_row vc_row-fluid shape_divider_top-none shape_divider_bottom-none sc_layouts_hide_on_desktop sc_layouts_hide_on_notebook\"><div class=\"wpb_column vc_column_container vc_col-sm-12 sc_layouts_column_icons_position_left\"><div class=\"vc_column-inner\"><div class=\"wpb_wrapper\"><div class=\"vc_empty_space  hide_on_mobile\"   style=\"height: 6.5em\"><span class=\"vc_empty_space_inner\"><\/span><\/div><div class=\"vc_empty_space  hide_on_desktop hide_on_notebook hide_on_tablet\"   style=\"height: 3em\"><span class=\"vc_empty_space_inner\"><\/span><\/div>\n\t<div  class=\"wpb_single_image wpb_content_element vc_align_left wpb_content_element\">\n\t\t\n\t\t<figure class=\"wpb_wrapper vc_figure\">\n\t\t\t<div class=\"vc_single_image-wrapper   vc_box_border_grey\"><img decoding=\"async\" width=\"1050\" height=\"350\" src=\"https:\/\/i0.wp.com\/compostelastreet.gal\/wp-content\/uploads\/2025\/05\/Logos-Sponsors-Institucionales-color.png?fit=1050%2C350&amp;ssl=1\" class=\"vc_single_image-img attachment-full\" alt=\"\" title=\"Logos-Sponsors-Institucionales-color\" srcset=\"https:\/\/i0.wp.com\/compostelastreet.gal\/wp-content\/uploads\/2025\/05\/Logos-Sponsors-Institucionales-color.png?w=1050&amp;ssl=1 1050w, https:\/\/i0.wp.com\/compostelastreet.gal\/wp-content\/uploads\/2025\/05\/Logos-Sponsors-Institucionales-color.png?resize=300%2C100&amp;ssl=1 300w, https:\/\/i0.wp.com\/compostelastreet.gal\/wp-content\/uploads\/2025\/05\/Logos-Sponsors-Institucionales-color.png?resize=1024%2C341&amp;ssl=1 1024w, https:\/\/i0.wp.com\/compostelastreet.gal\/wp-content\/uploads\/2025\/05\/Logos-Sponsors-Institucionales-color.png?resize=768%2C256&amp;ssl=1 768w, https:\/\/i0.wp.com\/compostelastreet.gal\/wp-content\/uploads\/2025\/05\/Logos-Sponsors-Institucionales-color.png?resize=18%2C6&amp;ssl=1 18w, https:\/\/i0.wp.com\/compostelastreet.gal\/wp-content\/uploads\/2025\/05\/Logos-Sponsors-Institucionales-color.png?resize=370%2C123&amp;ssl=1 370w, https:\/\/i0.wp.com\/compostelastreet.gal\/wp-content\/uploads\/2025\/05\/Logos-Sponsors-Institucionales-color.png?resize=770%2C257&amp;ssl=1 770w, https:\/\/i0.wp.com\/compostelastreet.gal\/wp-content\/uploads\/2025\/05\/Logos-Sponsors-Institucionales-color.png?resize=470%2C157&amp;ssl=1 470w\" sizes=\"(max-width: 1050px) 100vw, 1050px\" \/><\/div>\n\t\t<\/figure>\n\t<\/div>\n<div class=\"vc_empty_space  hide_on_mobile\"   style=\"height: 2.5em\"><span class=\"vc_empty_space_inner\"><\/span><\/div><div class=\"vc_empty_space  hide_on_desktop hide_on_notebook hide_on_tablet\"   style=\"height: 2.5em\"><span class=\"vc_empty_space_inner\"><\/span><\/div><div id=\"widget_slider_1888556797\" class=\"widget_area sc_widget_slider vc_widget_slider wpb_content_element\"><aside id=\"widget_slider_1888556797_widget\" class=\"widget widget_slider\">\t\t\t<div class=\"slider_wrap slider_engine_swiper\">\r\n\t\t\t\t<div id=\"widget_slider_1888556797_outer\" class=\"slider_outer slider_swiper_outer slider_style_default slider_outer_direction_horizontal slider_outer_multi slider_outer_nopagination slider_outer_nocontrols slider_outer_titles_center\"><div id=\"widget_slider_1888556797_swiper\" class=\"slider_container slider_swiper swiper-slider-container slider_nocontrols slider_titles_center slider_noresize slider_height_auto slider_direction_horizontal slider_nopagination slider_multi slider_type_images\" data-ratio=\"16:9\" data-interval=\"3000\" data-effect=\"slide\" data-pagination=\"bullets\" data-direction=\"horizontal\" data-slides-per-view=\"3\" data-slides-space=\"150\" data-slides-min-width=\"150\"><div class=\"slider-wrapper swiper-wrapper\"><div  class=\"slider-slide swiper-slide\" data-image=\"https:\/\/compostelastreet.gal\/wp-content\/uploads\/2025\/02\/Logo-Sponsor-SkateEscola.png\" style=\"\"><img data-recalc-dims=\"1\" decoding=\"async\" src=\"https:\/\/i0.wp.com\/compostelastreet.gal\/wp-content\/uploads\/2025\/02\/Logo-Sponsor-SkateEscola.png?w=1170&#038;ssl=1\" alt=\"\"><\/div><div  class=\"slider-slide swiper-slide\" data-image=\"https:\/\/compostelastreet.gal\/wp-content\/uploads\/2025\/05\/Logo-Sponsor-Gamus.png\" style=\"\"><img data-recalc-dims=\"1\" decoding=\"async\" src=\"https:\/\/i0.wp.com\/compostelastreet.gal\/wp-content\/uploads\/2025\/05\/Logo-Sponsor-Gamus.png?w=1170&#038;ssl=1\" alt=\"\"><\/div><div  class=\"slider-slide swiper-slide\" data-image=\"https:\/\/compostelastreet.gal\/wp-content\/uploads\/2025\/01\/Logo-Sponsor.png\" style=\"\"><img data-recalc-dims=\"1\" decoding=\"async\" src=\"https:\/\/i0.wp.com\/compostelastreet.gal\/wp-content\/uploads\/2025\/01\/Logo-Sponsor.png?w=1170&#038;ssl=1\" alt=\"\"><\/div><div  class=\"slider-slide swiper-slide\" data-image=\"https:\/\/compostelastreet.gal\/wp-content\/uploads\/2025\/01\/Logo-Sponsor.png\" style=\"\"><img data-recalc-dims=\"1\" decoding=\"async\" src=\"https:\/\/i0.wp.com\/compostelastreet.gal\/wp-content\/uploads\/2025\/01\/Logo-Sponsor.png?w=1170&#038;ssl=1\" alt=\"\"><\/div><\/div><!-- \/.slider-wrapper --><\/div><!-- \/.slider_container --><\/div><!-- \/.slider_outer -->\t\t\t<\/div>\r\n\t\t\t<\/aside><\/div><div class=\"vc_empty_space  hide_on_mobile\"   style=\"height: 6.8em\"><span class=\"vc_empty_space_inner\"><\/span><\/div><div class=\"vc_empty_space  hide_on_desktop hide_on_notebook hide_on_tablet\"   style=\"height: 2.5em\"><span class=\"vc_empty_space_inner\"><\/span><\/div><\/div><\/div><\/div><\/div><div class=\"vc_row-full-width vc_clearfix\"><\/div>\n<\/div>","protected":false},"excerpt":{"rendered":"Skate Cash For Tricks es una prueba que premia con dinero en efectivo a los mejores trucos de Skate realizados sobre un spot callejero montado para esta ocasi\u00f3n y que&hellip;","protected":false},"author":2,"featured_media":3337,"parent":0,"menu_order":0,"comment_status":"closed","ping_status":"closed","template":"","meta":{"_monsterinsights_skip_tracking":false,"_monsterinsights_sitenote_active":false,"_monsterinsights_sitenote_note":"","_monsterinsights_sitenote_category":0,"_price":"","_stock":"","_tribe_ticket_header":"","_tribe_default_ticket_provider":"","_ticket_start_date":"","_ticket_end_date":"","_tribe_ticket_show_description":"","_tribe_ticket_show_not_going":false,"_tribe_ticket_use_global_stock":"","_tribe_ticket_global_stock_level":"","_global_stock_mode":"","_global_stock_cap":"","_tribe_rsvp_for_event":"","_tribe_ticket_going_count":"","_tribe_ticket_not_going_count":"","_tribe_tickets_list":"[]","_tribe_ticket_has_attendee_info_fields":false,"footnotes":"","_tec_slr_enabled":"","_tec_slr_layout":""},"class_list":["post-2236","page","type-page","status-publish","has-post-thumbnail","hentry"],"aioseo_notices":[],"jetpack_sharing_enabled":true,"ticketed":false,"_links":{"self":[{"href":"https:\/\/compostelastreet.gal\/gl\/wp-json\/wp\/v2\/pages\/2236","targetHints":{"allow":["GET"]}}],"collection":[{"href":"https:\/\/compostelastreet.gal\/gl\/wp-json\/wp\/v2\/pages"}],"about":[{"href":"https:\/\/compostelastreet.gal\/gl\/wp-json\/wp\/v2\/types\/page"}],"author":[{"embeddable":true,"href":"https:\/\/compostelastreet.gal\/gl\/wp-json\/wp\/v2\/users\/2"}],"replies":[{"embeddable":true,"href":"https:\/\/compostelastreet.gal\/gl\/wp-json\/wp\/v2\/comments?post=2236"}],"version-history":[{"count":12,"href":"https:\/\/compostelastreet.gal\/gl\/wp-json\/wp\/v2\/pages\/2236\/revisions"}],"predecessor-version":[{"id":3346,"href":"https:\/\/compostelastreet.gal\/gl\/wp-json\/wp\/v2\/pages\/2236\/revisions\/3346"}],"wp:featuredmedia":[{"embeddable":true,"href":"https:\/\/compostelastreet.gal\/gl\/wp-json\/wp\/v2\/media\/3337"}],"wp:attachment":[{"href":"https:\/\/compostelastreet.gal\/gl\/wp-json\/wp\/v2\/media?parent=2236"}],"curies":[{"name":"wp","href":"https:\/\/api.w.org\/{rel}","templated":true}]}}