{"id":2177,"date":"2025-02-01T17:04:38","date_gmt":"2025-02-01T16:04:38","guid":{"rendered":"https:\/\/compostelastreet.com\/?page_id=2177"},"modified":"2025-09-12T20:17:32","modified_gmt":"2025-09-12T18:17:32","slug":"embajadores","status":"publish","type":"page","link":"https:\/\/compostelastreet.gal\/gl\/embajadores\/","title":{"rendered":"Embaixadores"},"content":{"rendered":"<div class=\"wpb-content-wrapper\"><div data-vc-full-width=\"true\" data-vc-full-width-init=\"false\" class=\"vc_row wpb_row vc_row-fluid vc_custom_1526906453066 vc_row-has-fill shape_divider_top-none shape_divider_bottom-none\"><div class=\"wpb_column vc_column_container vc_col-sm-12 sc_layouts_column_icons_position_left\"><div class=\"vc_column-inner\"><div class=\"wpb_wrapper\"><div class=\"vc_empty_space  hide_on_mobile\"   style=\"height: 5.5em\"><span class=\"vc_empty_space_inner\"><\/span><\/div><div class=\"vc_empty_space\"   style=\"height: 3em\"><span class=\"vc_empty_space_inner\"><\/span><\/div><div  id=\"sc_team_273919842\"\t\tclass=\"sc_team sc_team_featured\"><div class=\"sc_team_columns_wrap sc_item_columns sc_item_posts_container trx_addons_columns_wrap columns_padding_bottom\"><div class=\"trx_addons_column-1_4\"><div class=\"sc_team_item no_links post-2269 cpt_team type-cpt_team status-publish has-post-thumbnail hentry\">\r\n\t<div class=\"post_featured sc_team_item_thumb trx_addons_hover trx_addons_hover_style_info\"><a href=\"https:\/\/compostelastreet.gal\/gl\/team\/embajador-1\/\" aria-hidden=\"true\"><img fetchpriority=\"high\" decoding=\"async\" width=\"370\" height=\"370\" src=\"https:\/\/i0.wp.com\/compostelastreet.gal\/wp-content\/uploads\/2025\/02\/Elfo.png?resize=370%2C370&amp;ssl=1\" class=\"attachment-trx_addons-thumb-avatar size-trx_addons-thumb-avatar wp-post-image\" alt=\"\" srcset=\"https:\/\/i0.wp.com\/compostelastreet.gal\/wp-content\/uploads\/2025\/02\/Elfo.png?w=470&amp;ssl=1 470w, https:\/\/i0.wp.com\/compostelastreet.gal\/wp-content\/uploads\/2025\/02\/Elfo.png?resize=300%2C300&amp;ssl=1 300w, https:\/\/i0.wp.com\/compostelastreet.gal\/wp-content\/uploads\/2025\/02\/Elfo.png?resize=150%2C150&amp;ssl=1 150w, https:\/\/i0.wp.com\/compostelastreet.gal\/wp-content\/uploads\/2025\/02\/Elfo.png?resize=12%2C12&amp;ssl=1 12w, https:\/\/i0.wp.com\/compostelastreet.gal\/wp-content\/uploads\/2025\/02\/Elfo.png?resize=370%2C370&amp;ssl=1 370w, https:\/\/i0.wp.com\/compostelastreet.gal\/wp-content\/uploads\/2025\/02\/Elfo.png?resize=90%2C90&amp;ssl=1 90w\" sizes=\"(max-width: 370px) 100vw, 370px\" \/><\/a><div class=\"trx_addons_hover_content\"><h4 class=\"sc_team_item_title trx_addons_hover_title\"><a href=\"https:\/\/compostelastreet.gal\/gl\/team\/embajador-1\/\">Elfo<\/a><\/h4><div class=\"sc_team_item_subtitle trx_addons_hover_title\"><a href=\"https:\/\/compostelastreet.gal\/gl\/team\/embajador-1\/\">Eloi Fern\u00e1ndez<\/a><\/div><div class=\"sc_team_item_content trx_addons_hover_text\"><a href=\"https:\/\/compostelastreet.gal\/gl\/team\/embajador-1\/\">Elfo (Eloi Fern\u00e1ndez), es un joven cambad\u00e9s que destaca internacionalmente como referente de la modalidad de Powerfree dentro de la disciplina de Street Workout, siendo el vigente campe\u00f3n de las&hellip;<\/a><\/div><div class=\"sc_team_item_socials socials_wrap trx_addons_hover_info\"><a target=\"_blank\" href=\"https:\/\/www.instagram.com\/elfo_sw\/\" class=\"social_item social_item_style_icons sc_icon_type_icons social_item_type_icons\"><span class=\"social_icon social_icon_instagramm\"><span class=\"icon-instagramm\"><\/span><\/span><\/a><\/div><\/div><div class=\"trx_addons_hover_mask\"><\/div><\/div><\/div>\r\n<\/div><div class=\"trx_addons_column-1_4\"><div class=\"sc_team_item no_links post-2271 cpt_team type-cpt_team status-publish has-post-thumbnail hentry\">\r\n\t<div class=\"post_featured sc_team_item_thumb trx_addons_hover trx_addons_hover_style_info\"><a href=\"https:\/\/compostelastreet.gal\/gl\/team\/embajador-2\/\" aria-hidden=\"true\"><img decoding=\"async\" width=\"370\" height=\"370\" src=\"https:\/\/i0.wp.com\/compostelastreet.gal\/wp-content\/uploads\/2025\/02\/MiniAli2.png?resize=370%2C370&amp;ssl=1\" class=\"attachment-trx_addons-thumb-avatar size-trx_addons-thumb-avatar wp-post-image\" alt=\"\" srcset=\"https:\/\/i0.wp.com\/compostelastreet.gal\/wp-content\/uploads\/2025\/02\/MiniAli2.png?w=470&amp;ssl=1 470w, https:\/\/i0.wp.com\/compostelastreet.gal\/wp-content\/uploads\/2025\/02\/MiniAli2.png?resize=300%2C300&amp;ssl=1 300w, https:\/\/i0.wp.com\/compostelastreet.gal\/wp-content\/uploads\/2025\/02\/MiniAli2.png?resize=150%2C150&amp;ssl=1 150w, https:\/\/i0.wp.com\/compostelastreet.gal\/wp-content\/uploads\/2025\/02\/MiniAli2.png?resize=12%2C12&amp;ssl=1 12w, https:\/\/i0.wp.com\/compostelastreet.gal\/wp-content\/uploads\/2025\/02\/MiniAli2.png?resize=370%2C370&amp;ssl=1 370w, https:\/\/i0.wp.com\/compostelastreet.gal\/wp-content\/uploads\/2025\/02\/MiniAli2.png?resize=90%2C90&amp;ssl=1 90w\" sizes=\"(max-width: 370px) 100vw, 370px\" \/><\/a><div class=\"trx_addons_hover_content\"><h4 class=\"sc_team_item_title trx_addons_hover_title\"><a href=\"https:\/\/compostelastreet.gal\/gl\/team\/embajador-2\/\">Bgirl MiniAli<\/a><\/h4><div class=\"sc_team_item_subtitle trx_addons_hover_title\"><a href=\"https:\/\/compostelastreet.gal\/gl\/team\/embajador-2\/\">Alicia Babarro<\/a><\/div><div class=\"sc_team_item_content trx_addons_hover_text\"><a href=\"https:\/\/compostelastreet.gal\/gl\/team\/embajador-2\/\">\u00a0 Alicia Babarro, conocida como Bgirl MiniAli, es una destacada bailarina ourensana que, con solo 14 a\u00f1os, destaca con fuerza en la escena nacional e internacional. MiniAli, que practica Breaking&hellip;<\/a><\/div><div class=\"sc_team_item_socials socials_wrap trx_addons_hover_info\"><a target=\"_blank\" href=\"https:\/\/www.instagram.com\/bgirl_miniali\/\" class=\"social_item social_item_style_icons sc_icon_type_icons social_item_type_icons\"><span class=\"social_icon social_icon_instagramm\"><span class=\"icon-instagramm\"><\/span><\/span><\/a><\/div><\/div><div class=\"trx_addons_hover_mask\"><\/div><\/div><\/div>\r\n<\/div><div class=\"trx_addons_column-1_4\"><div class=\"sc_team_item no_links post-2272 cpt_team type-cpt_team status-publish has-post-thumbnail hentry\">\r\n\t<div class=\"post_featured sc_team_item_thumb trx_addons_hover trx_addons_hover_style_info\"><a href=\"https:\/\/compostelastreet.gal\/gl\/team\/embajador-3\/\" aria-hidden=\"true\"><img decoding=\"async\" width=\"370\" height=\"370\" src=\"https:\/\/i0.wp.com\/compostelastreet.gal\/wp-content\/uploads\/2025\/02\/Tai2.png?resize=370%2C370&amp;ssl=1\" class=\"attachment-trx_addons-thumb-avatar size-trx_addons-thumb-avatar wp-post-image\" alt=\"\" srcset=\"https:\/\/i0.wp.com\/compostelastreet.gal\/wp-content\/uploads\/2025\/02\/Tai2.png?w=470&amp;ssl=1 470w, https:\/\/i0.wp.com\/compostelastreet.gal\/wp-content\/uploads\/2025\/02\/Tai2.png?resize=300%2C300&amp;ssl=1 300w, https:\/\/i0.wp.com\/compostelastreet.gal\/wp-content\/uploads\/2025\/02\/Tai2.png?resize=150%2C150&amp;ssl=1 150w, https:\/\/i0.wp.com\/compostelastreet.gal\/wp-content\/uploads\/2025\/02\/Tai2.png?resize=12%2C12&amp;ssl=1 12w, https:\/\/i0.wp.com\/compostelastreet.gal\/wp-content\/uploads\/2025\/02\/Tai2.png?resize=370%2C370&amp;ssl=1 370w, https:\/\/i0.wp.com\/compostelastreet.gal\/wp-content\/uploads\/2025\/02\/Tai2.png?resize=90%2C90&amp;ssl=1 90w\" sizes=\"(max-width: 370px) 100vw, 370px\" \/><\/a><div class=\"trx_addons_hover_content\"><h4 class=\"sc_team_item_title trx_addons_hover_title\"><a href=\"https:\/\/compostelastreet.gal\/gl\/team\/embajador-3\/\">Taiger<\/a><\/h4><div class=\"sc_team_item_subtitle trx_addons_hover_title\"><a href=\"https:\/\/compostelastreet.gal\/gl\/team\/embajador-3\/\">Adri\u00e1n Taibo<\/a><\/div><div class=\"sc_team_item_content trx_addons_hover_text\"><a href=\"https:\/\/compostelastreet.gal\/gl\/team\/embajador-3\/\">Adri\u00e1n Taibo (Taiger) es un beatboxer gallego, de Mos, reconocido por su difusi\u00f3n del Beatbox en Galicia y por la creaci\u00f3n de la comunidad gallega de Beatbox, Galibeats. Adem\u00e1s, tambi\u00e9n&hellip;<\/a><\/div><div class=\"sc_team_item_socials socials_wrap trx_addons_hover_info\"><a target=\"_blank\" href=\"https:\/\/www.instagram.com\/taillarin\/\" class=\"social_item social_item_style_icons sc_icon_type_icons social_item_type_icons\"><span class=\"social_icon social_icon_instagramm\"><span class=\"icon-instagramm\"><\/span><\/span><\/a><\/div><\/div><div class=\"trx_addons_hover_mask\"><\/div><\/div><\/div>\r\n<\/div><div class=\"trx_addons_column-1_4\"><div class=\"sc_team_item no_links post-2273 cpt_team type-cpt_team status-publish has-post-thumbnail hentry\">\r\n\t<div class=\"post_featured sc_team_item_thumb trx_addons_hover trx_addons_hover_style_info\"><a href=\"https:\/\/compostelastreet.gal\/gl\/team\/embajador-4\/\" aria-hidden=\"true\"><img loading=\"lazy\" decoding=\"async\" width=\"370\" height=\"370\" src=\"https:\/\/i0.wp.com\/compostelastreet.gal\/wp-content\/uploads\/2025\/02\/DjAffair.png?resize=370%2C370&amp;ssl=1\" class=\"attachment-trx_addons-thumb-avatar size-trx_addons-thumb-avatar wp-post-image\" alt=\"\" srcset=\"https:\/\/i0.wp.com\/compostelastreet.gal\/wp-content\/uploads\/2025\/02\/DjAffair.png?w=470&amp;ssl=1 470w, https:\/\/i0.wp.com\/compostelastreet.gal\/wp-content\/uploads\/2025\/02\/DjAffair.png?resize=300%2C300&amp;ssl=1 300w, https:\/\/i0.wp.com\/compostelastreet.gal\/wp-content\/uploads\/2025\/02\/DjAffair.png?resize=150%2C150&amp;ssl=1 150w, https:\/\/i0.wp.com\/compostelastreet.gal\/wp-content\/uploads\/2025\/02\/DjAffair.png?resize=12%2C12&amp;ssl=1 12w, https:\/\/i0.wp.com\/compostelastreet.gal\/wp-content\/uploads\/2025\/02\/DjAffair.png?resize=370%2C370&amp;ssl=1 370w, https:\/\/i0.wp.com\/compostelastreet.gal\/wp-content\/uploads\/2025\/02\/DjAffair.png?resize=90%2C90&amp;ssl=1 90w\" sizes=\"(max-width: 370px) 100vw, 370px\" \/><\/a><div class=\"trx_addons_hover_content\"><h4 class=\"sc_team_item_title trx_addons_hover_title\"><a href=\"https:\/\/compostelastreet.gal\/gl\/team\/embajador-4\/\">Dj Affair<\/a><\/h4><div class=\"sc_team_item_subtitle trx_addons_hover_title\"><a href=\"https:\/\/compostelastreet.gal\/gl\/team\/embajador-4\/\">Alejandro<\/a><\/div><div class=\"sc_team_item_content trx_addons_hover_text\"><a href=\"https:\/\/compostelastreet.gal\/gl\/team\/embajador-4\/\">Alejandro (DJ Affair) es un joven vigu\u00e9s de 23 a\u00f1os que ostenta el debut m\u00e1s joven de la historia de la legendaria Red Bull Batalla con un historial muy amplio&hellip;<\/a><\/div><div class=\"sc_team_item_socials socials_wrap trx_addons_hover_info\"><a target=\"_blank\" href=\"https:\/\/www.instagram.com\/affair.wav\/\" class=\"social_item social_item_style_icons sc_icon_type_icons social_item_type_icons\"><span class=\"social_icon social_icon_instagramm\"><span class=\"icon-instagramm\"><\/span><\/span><\/a><\/div><\/div><div class=\"trx_addons_hover_mask\"><\/div><\/div><\/div>\r\n<\/div><\/div><\/div><!-- \/.sc_team --><div class=\"vc_empty_space  hide_on_mobile\"   style=\"height: 3em\"><span class=\"vc_empty_space_inner\"><\/span><\/div><div class=\"vc_empty_space  hide_on_desktop hide_on_notebook hide_on_tablet\"   style=\"height: 1.5em\"><span class=\"vc_empty_space_inner\"><\/span><\/div><\/div><\/div><\/div><\/div><div class=\"vc_row-full-width vc_clearfix\"><\/div><div data-vc-full-width=\"true\" data-vc-full-width-init=\"false\" class=\"vc_row wpb_row vc_row-fluid vc_custom_1738593975251 vc_row-has-fill shape_divider_top-none shape_divider_bottom-none\"><div class=\"wpb_column vc_column_container vc_col-sm-12 sc_layouts_column_icons_position_left\"><div class=\"vc_column-inner\"><div class=\"wpb_wrapper\"><div class=\"vc_empty_space\"   style=\"height: 6em\"><span class=\"vc_empty_space_inner\"><\/span><\/div>\n<div class=\"vc-zigzag-wrapper vc-zigzag-align-center\"><div class=\"vc-zigzag-inner\" style=\"width: 100%;min-height: 14px;background: 0 repeat-x url(&#039;data:image\/svg+xml;utf-8,%3C%3Fxml%20version%3D%221.0%22%20encoding%3D%22utf-8%22%3F%3E%3C%21DOCTYPE%20svg%20PUBLIC%20%22-%2F%2FW3C%2F%2FDTD%20SVG%201.1%2F%2FEN%22%20%22http%3A%2F%2Fwww.w3.org%2FGraphics%2FSVG%2F1.1%2FDTD%2Fsvg11.dtd%22%3E%3Csvg%20width%3D%2214px%22%20height%3D%2212px%22%20viewBox%3D%220%200%2018%2015%22%20version%3D%221.1%22%20xmlns%3D%22http%3A%2F%2Fwww.w3.org%2F2000%2Fsvg%22%20xmlns%3Axlink%3D%22http%3A%2F%2Fwww.w3.org%2F1999%2Fxlink%22%3E%3Cpolygon%20id%3D%22Combined-Shape%22%20fill%3D%22%23ffffff%22%20points%3D%228.98762301%200%200%209.12771969%200%2014.519983%209%205.40479869%2018%2014.519983%2018%209.12771969%22%3E%3C%2Fpolygon%3E%3C%2Fsvg%3E&#039;);\"><\/div><\/div><div class=\"vc_empty_space\"   style=\"height: 6em\"><span class=\"vc_empty_space_inner\"><\/span><\/div><\/div><\/div><\/div><\/div><div class=\"vc_row-full-width vc_clearfix\"><\/div>\n<\/div>","protected":false},"excerpt":{"rendered":"Alejandro (DJ Affair) es un joven vigu\u00e9s de 23 a\u00f1os que ostenta el debut m\u00e1s joven de la historia de la legendaria Red Bull Batalla con un historial muy amplio&hellip;","protected":false},"author":1,"featured_media":1967,"parent":0,"menu_order":0,"comment_status":"closed","ping_status":"closed","template":"","meta":{"_monsterinsights_skip_tracking":false,"_monsterinsights_sitenote_active":false,"_monsterinsights_sitenote_note":"","_monsterinsights_sitenote_category":0,"_price":"","_stock":"","_tribe_ticket_header":"","_tribe_default_ticket_provider":"","_ticket_start_date":"","_ticket_end_date":"","_tribe_ticket_show_description":"","_tribe_ticket_show_not_going":false,"_tribe_ticket_use_global_stock":"","_tribe_ticket_global_stock_level":"","_global_stock_mode":"","_global_stock_cap":"","_tribe_rsvp_for_event":"","_tribe_ticket_going_count":"","_tribe_ticket_not_going_count":"","_tribe_tickets_list":"[]","_tribe_ticket_has_attendee_info_fields":false,"footnotes":"","_tec_slr_enabled":"","_tec_slr_layout":""},"class_list":["post-2177","page","type-page","status-publish","has-post-thumbnail","hentry"],"aioseo_notices":[],"jetpack_sharing_enabled":true,"ticketed":false,"_links":{"self":[{"href":"https:\/\/compostelastreet.gal\/gl\/wp-json\/wp\/v2\/pages\/2177","targetHints":{"allow":["GET"]}}],"collection":[{"href":"https:\/\/compostelastreet.gal\/gl\/wp-json\/wp\/v2\/pages"}],"about":[{"href":"https:\/\/compostelastreet.gal\/gl\/wp-json\/wp\/v2\/types\/page"}],"author":[{"embeddable":true,"href":"https:\/\/compostelastreet.gal\/gl\/wp-json\/wp\/v2\/users\/1"}],"replies":[{"embeddable":true,"href":"https:\/\/compostelastreet.gal\/gl\/wp-json\/wp\/v2\/comments?post=2177"}],"version-history":[{"count":15,"href":"https:\/\/compostelastreet.gal\/gl\/wp-json\/wp\/v2\/pages\/2177\/revisions"}],"predecessor-version":[{"id":3473,"href":"https:\/\/compostelastreet.gal\/gl\/wp-json\/wp\/v2\/pages\/2177\/revisions\/3473"}],"wp:featuredmedia":[{"embeddable":true,"href":"https:\/\/compostelastreet.gal\/gl\/wp-json\/wp\/v2\/media\/1967"}],"wp:attachment":[{"href":"https:\/\/compostelastreet.gal\/gl\/wp-json\/wp\/v2\/media?parent=2177"}],"curies":[{"name":"wp","href":"https:\/\/api.w.org\/{rel}","templated":true}]}}