{"id":11,"date":"2018-05-07T09:29:47","date_gmt":"2018-05-07T09:29:47","guid":{"rendered":"https:\/\/compostelastreet.com\/?page_id=11"},"modified":"2025-03-05T09:50:41","modified_gmt":"2025-03-05T08:50:41","slug":"voluntarios","status":"publish","type":"page","link":"https:\/\/compostelastreet.gal\/gl\/voluntarios\/","title":{"rendered":"Voluntarios"},"content":{"rendered":"<div class=\"wpb-content-wrapper\"><div class=\"vc_row wpb_row vc_row-fluid shape_divider_top-none shape_divider_bottom-none\"><div class=\"wpb_column vc_column_container vc_col-sm-12 sc_layouts_column_icons_position_left\"><div class=\"vc_column-inner\"><div class=\"wpb_wrapper\"><div class=\"vc_empty_space  hide_on_mobile\"   style=\"height: 6em\"><span class=\"vc_empty_space_inner\"><\/span><\/div><div class=\"vc_empty_space  hide_on_desktop hide_on_notebook hide_on_tablet\"   style=\"height: 3em\"><span class=\"vc_empty_space_inner\"><\/span><\/div><div id=\"sc_title_505118234\"\r\n\t\tclass=\"sc_title sc_title_default\"><h6 class=\"sc_item_subtitle sc_title_subtitle sc_align_center sc_item_title_style_default\">Se queres participar como voluntario env\u00edanos a t\u00faa solicitude a trav\u00e9s deste formulario.<\/h6><h2 class=\"sc_item_title sc_title_title sc_align_center sc_item_title_style_default\">Inscr\u00edbete <br> aqu\u00ed!<\/h2><\/div><!-- \/.sc_title --><div class=\"vc_empty_space\"   style=\"height: 3em\"><span class=\"vc_empty_space_inner\"><\/span><\/div><div class=\"vc_empty_space  hide_on_desktop hide_on_notebook hide_on_tablet\"   style=\"height: 1.5em\"><span class=\"vc_empty_space_inner\"><\/span><\/div><div class=\"vc_empty_space  hide_on_mobile\"   style=\"height: 5.7em\"><span class=\"vc_empty_space_inner\"><\/span><\/div>\n<div class=\"wpcf7 no-js\" id=\"wpcf7-f2329-o1\" lang=\"es-ES\" dir=\"ltr\" data-wpcf7-id=\"2329\">\n<div class=\"screen-reader-response\"><p role=\"status\" aria-live=\"polite\" aria-atomic=\"true\"><\/p> <ul><\/ul><\/div>\n<form action=\"\/gl\/wp-json\/wp\/v2\/pages\/11#wpcf7-f2329-o1\" method=\"post\" class=\"wpcf7-form init\" aria-label=\"Formulario de contacto\" novalidate=\"novalidate\" data-status=\"init\" data-trp-original-action=\"\/gl\/wp-json\/wp\/v2\/pages\/11#wpcf7-f2329-o1\">\n<fieldset class=\"hidden-fields-container\"><input type=\"hidden\" name=\"_wpcf7\" value=\"2329\" \/><input type=\"hidden\" name=\"_wpcf7_version\" value=\"6.1.5\" \/><input type=\"hidden\" name=\"_wpcf7_locale\" value=\"es_ES\" \/><input type=\"hidden\" name=\"_wpcf7_unit_tag\" value=\"wpcf7-f2329-o1\" \/><input type=\"hidden\" name=\"_wpcf7_container_post\" value=\"0\" \/><input type=\"hidden\" name=\"_wpcf7_posted_data_hash\" value=\"\" \/>\n<\/fieldset>\n<label>Nome e Apelidos<br \/><span class=\"wpcf7-form-control-wrap\" data-name=\"text-478\"><input size=\"40\" maxlength=\"400\" class=\"wpcf7-form-control wpcf7-text wpcf7-validates-as-required\" aria-required=\"true\" aria-invalid=\"false\" value=\"\" type=\"text\" name=\"text-478\" \/><\/span><\/label>\n<br \/>\n<br \/><b>Sexo<\/b><br \/><span class=\"wpcf7-form-control-wrap\" data-name=\"menu-489\"><select class=\"wpcf7-form-control wpcf7-select wpcf7-validates-as-required\" aria-required=\"true\" aria-invalid=\"false\" name=\"menu-489\"><option value=\"\">&#8212;Por favor, elige una opci\u00f3n&#8212;<\/option><option value=\"Hombre\">Home<\/option><option value=\"Mujer\">Muller<\/option><\/select><\/span>\n<br \/>\n<label>DNI<br \/><span class=\"wpcf7-form-control-wrap\" data-name=\"text-830\"><input size=\"40\" maxlength=\"400\" class=\"wpcf7-form-control wpcf7-text wpcf7-validates-as-required\" aria-required=\"true\" aria-invalid=\"false\" value=\"\" type=\"text\" name=\"text-830\" \/><\/span><\/label>\n<br \/>\n<br \/><label>Data de nacemento<br \/><span class=\"wpcf7-form-control-wrap\" data-name=\"date-547\"><input class=\"wpcf7-form-control wpcf7-date wpcf7-validates-as-required wpcf7-validates-as-date\" min=\"1955-01-01\" max=\"2007-09-01\" aria-required=\"true\" aria-invalid=\"false\" value=\"\" type=\"date\" name=\"date-547\" \/><\/span><br \/><\/label>\n<br \/>\n<label>Enderezo<br \/><span class=\"wpcf7-form-control-wrap\" data-name=\"text-174\"><input size=\"40\" maxlength=\"400\" class=\"wpcf7-form-control wpcf7-text wpcf7-validates-as-required\" aria-required=\"true\" aria-invalid=\"false\" value=\"\" type=\"text\" name=\"text-174\" \/><\/span><\/label>\n<br \/>\n<br \/><label>C\u00f3digo Postal<br \/><span class=\"wpcf7-form-control-wrap\" data-name=\"text-420\"><input size=\"40\" maxlength=\"400\" class=\"wpcf7-form-control wpcf7-text wpcf7-validates-as-required\" aria-required=\"true\" aria-invalid=\"false\" value=\"\" type=\"text\" name=\"text-420\" \/><\/span><\/label>\n<br \/>\n<br \/><label>Localidade<br \/><span class=\"wpcf7-form-control-wrap\" data-name=\"text-410\"><input size=\"40\" maxlength=\"400\" class=\"wpcf7-form-control wpcf7-text wpcf7-validates-as-required\" aria-required=\"true\" aria-invalid=\"false\" value=\"\" type=\"text\" name=\"text-410\" \/><\/span><\/label>\n<br \/>\n<br \/><label>Correo electr\u00f3nico<br \/><span class=\"wpcf7-form-control-wrap\" data-name=\"email-635\"><input size=\"40\" maxlength=\"400\" class=\"wpcf7-form-control wpcf7-email wpcf7-validates-as-required wpcf7-text wpcf7-validates-as-email\" aria-required=\"true\" aria-invalid=\"false\" value=\"\" type=\"email\" name=\"email-635\" \/><\/span><\/label>\n<br \/>\n<br \/><label>Tel\u00e9fono de contacto<br \/><span class=\"wpcf7-form-control-wrap\" data-name=\"tel-722\"><input size=\"40\" maxlength=\"400\" class=\"wpcf7-form-control wpcf7-tel wpcf7-validates-as-required wpcf7-text wpcf7-validates-as-tel\" aria-required=\"true\" aria-invalid=\"false\" value=\"\" type=\"tel\" name=\"tel-722\" \/><\/span><\/label>\n<br \/>\n<p><br\/>\n<label>Protecci\u00f3n de datos<\/label><br\/>\n<br\/><span class=\"wpcf7-form-control-wrap\" data-name=\"Privacidade\"><span class=\"wpcf7-form-control wpcf7-acceptance\"><span class=\"wpcf7-list-item\"><label><input type=\"checkbox\" name=\"Privacidade\" value=\"1\" aria-invalid=\"false\" \/><span class=\"wpcf7-list-item-label\">Lin e acepto a <a rel=\"nofollow\" href=\"https:\/\/compostelastreet.com\/politica-de-privacidad\/\"target=\"_blank\">Pol\u00edtica de privacidade<\/a>.<\/span><\/label><\/span><\/span><\/span>\n<br\/><\/p>\n\n<p class=\"pprivacidad\"><small>Informamos que, segundo o disposto no Regulamento (UE) 2016\/679, do 27 de abril, (RGPD) e na L.Ou. 3\/2018, do 5 de decembro, de protecci\u00f3n de datos e garant\u00eda dos dereitos dixitais (LOPDGDD), trataremos os seus datos coa \u00fanica finalidade de xestionar a s\u00faa inscrici\u00f3n  como voluntario no evento \"Compostela Street 2025\" e tramitar a documentaci\u00f3n correspondente.<\/small><\/p>\n<br\/>\n<span id=\"wpcf7-69fa0f44ad2df-wrapper\" class=\"wpcf7-form-control-wrap honeypot-514-wrap\" style=\"display:none !important; visibility:hidden !important;\"><label for=\"wpcf7-69fa0f44ad2df-field\" class=\"hp-message\">Por favor, deja este campo vac\u00edo.<\/label><input id=\"wpcf7-69fa0f44ad2df-field\"  class=\"wpcf7-form-control wpcf7-text\" type=\"text\" name=\"honeypot-514\" value=\"\" size=\"40\" tabindex=\"-1\" autocomplete=\"new-password\" \/><\/span>\n<input class=\"wpcf7-form-control wpcf7-submit has-spinner\" type=\"submit\" value=\"Enviar\" \/><p style=\"display: none !important;\" class=\"akismet-fields-container\" data-prefix=\"_wpcf7_ak_\"><label>&#916;<textarea name=\"_wpcf7_ak_hp_textarea\" cols=\"45\" rows=\"8\" maxlength=\"100\"><\/textarea><\/label><input type=\"hidden\" id=\"ak_js_1\" name=\"_wpcf7_ak_js\" value=\"83\"\/><script>document.getElementById( \"ak_js_1\" ).setAttribute( \"value\", ( new Date() ).getTime() );<\/script><\/p><div class=\"wpcf7-response-output\" aria-hidden=\"true\"><\/div>\n<input type=\"hidden\" name=\"trp-form-language\" value=\"gl\"\/><\/form>\n<\/div>\n<div class=\"vc_empty_space  hide_on_mobile\"   style=\"height: 5.7em\"><span class=\"vc_empty_space_inner\"><\/span><\/div><div class=\"vc_separator wpb_content_element vc_separator_align_center vc_sep_width_100 vc_sep_pos_align_center vc_sep_color_grey wpb_content_element vc_separator-has-text\" ><span class=\"vc_sep_holder vc_sep_holder_l\"><span class=\"vc_sep_line\"><\/span><\/span><h4>Contacto de Axuda<\/h4><span class=\"vc_sep_holder vc_sep_holder_r\"><span class=\"vc_sep_line\"><\/span><\/span>\n<\/div>\n\t<div class=\"wpb_text_column wpb_content_element\" >\n\t\t<div class=\"wpb_wrapper\">\n\t\t\t<p style=\"text-align: center;\">Correo do Soporte: info@compostelastreet.com<\/p>\n\n\t\t<\/div>\n\t<\/div>\n<div class=\"vc_empty_space  hide_on_mobile\"   style=\"height: 5.7em\"><span class=\"vc_empty_space_inner\"><\/span><\/div><div class=\"vc_empty_space  hide_on_desktop hide_on_notebook hide_on_tablet\"   style=\"height: 2.6em\"><span class=\"vc_empty_space_inner\"><\/span><\/div><\/div><\/div><\/div><\/div><div data-vc-full-width=\"true\" data-vc-full-width-init=\"false\" class=\"vc_row wpb_row vc_row-fluid vc_custom_1738585726941 vc_row-has-fill shape_divider_top-none shape_divider_bottom-none\"><div class=\"wpb_column vc_column_container vc_col-sm-12 sc_layouts_column_icons_position_left\"><div class=\"vc_column-inner\"><div class=\"wpb_wrapper\"><div class=\"vc_empty_space  hide_on_mobile\"   style=\"height: 8.6em\"><span class=\"vc_empty_space_inner\"><\/span><\/div><div class=\"vc_empty_space  hide_on_desktop hide_on_notebook hide_on_tablet\"   style=\"height: 3.3em\"><span class=\"vc_empty_space_inner\"><\/span><\/div><div  id=\"sc_testimonials_662110497\"\t\tclass=\"sc_testimonials color_style_link3 scheme_dark sc_testimonials_default  vc_custom_1738182996474\"><h2 class=\"sc_item_title sc_testimonials_title sc_align_center sc_item_title_style_default\">Non te perdas este evento!<\/h2><div id=\"sc_testimonials_662110497_outer\" class=\"sc_testimonials_slider sc_item_slider slider_swiper_outer slider_outer slider_outer_controls slider_outer_controls_bottom slider_outer_nopagination slider_outer_one\">\r\n\t<div id=\"sc_testimonials_662110497_swiper\" class=\"slider_container swiper-slider-container slider_swiper slider_noresize slider_controls slider_controls_bottom slider_nopagination slider_one\" data-slides-min-width=\"290\" data-pagination=\"bullets\">\r\n\t\t<div class=\"slides slider-wrapper swiper-wrapper sc_item_columns_1\"><div class=\"slider-slide swiper-slide\"><div class=\"sc_testimonials_item\">\r\n\t<div class=\"sc_testimonials_item_content\"><p>10 disciplinas urbanas convivindo xuntas durante 3 d\u00edas no mesmo evento.<\/p>\n<\/div>\r\n\t<div class=\"sc_testimonials_item_author\">\r\n\t\t\t\t<div class=\"sc_testimonials_item_author_data\">\r\n\t\t\t<h4 class=\"sc_testimonials_item_author_title\"><\/h4>\r\n\t\t\t<div class=\"sc_testimonials_item_author_subtitle\"><\/div>\r\n\t\t<\/div>\r\n\t<\/div>\r\n<\/div>\r\n<\/div><div class=\"slider-slide swiper-slide\"><div class=\"sc_testimonials_item\">\r\n\t<div class=\"sc_testimonials_item_content\"><p>Un festival con moito flow e para todos os p\u00fablicos!<\/p>\n<\/div>\r\n\t<div class=\"sc_testimonials_item_author\">\r\n\t\t\t\t<div class=\"sc_testimonials_item_author_data\">\r\n\t\t\t<h4 class=\"sc_testimonials_item_author_title\"><\/h4>\r\n\t\t\t<div class=\"sc_testimonials_item_author_subtitle\"><\/div>\r\n\t\t<\/div>\r\n\t<\/div>\r\n<\/div>\r\n<\/div><div class=\"slider-slide swiper-slide\"><div class=\"sc_testimonials_item\">\r\n\t<div class=\"sc_testimonials_item_content\"><p>M\u00fasica urbana, campionatos internacionais de deportes extremos e zona libre \"open parks\".<\/p>\n<\/div>\r\n\t<div class=\"sc_testimonials_item_author\">\r\n\t\t\t\t<div class=\"sc_testimonials_item_author_data\">\r\n\t\t\t<h4 class=\"sc_testimonials_item_author_title\"><\/h4>\r\n\t\t\t<div class=\"sc_testimonials_item_author_subtitle\"><\/div>\r\n\t\t<\/div>\r\n\t<\/div>\r\n<\/div>\r\n<\/div><\/div><\/div><div class=\"slider_controls_wrap\"><a class=\"slider_prev swiper-button-prev\" href=\"#\"><\/a><a class=\"slider_next swiper-button-next\" href=\"#\"><\/a><\/div><\/div><\/div><!-- \/.sc_testimonials --><\/div><\/div><\/div><\/div><div class=\"vc_row-full-width vc_clearfix\"><\/div>\n<\/div>","protected":false},"excerpt":{"rendered":"M\u00fasica urbana, campeonatos internacionales de deportes extremos y zona libre \"open parks\".","protected":false},"author":1,"featured_media":0,"parent":0,"menu_order":0,"comment_status":"closed","ping_status":"closed","template":"","meta":{"_monsterinsights_skip_tracking":false,"_monsterinsights_sitenote_active":false,"_monsterinsights_sitenote_note":"","_monsterinsights_sitenote_category":0,"_price":"","_stock":"","_tribe_ticket_header":"","_tribe_default_ticket_provider":"","_ticket_start_date":"","_ticket_end_date":"","_tribe_ticket_show_description":"","_tribe_ticket_show_not_going":false,"_tribe_ticket_use_global_stock":"","_tribe_ticket_global_stock_level":"","_global_stock_mode":"","_global_stock_cap":"","_tribe_rsvp_for_event":"","_tribe_ticket_going_count":"","_tribe_ticket_not_going_count":"","_tribe_tickets_list":"[]","_tribe_ticket_has_attendee_info_fields":false,"footnotes":"","_tec_slr_enabled":"","_tec_slr_layout":""},"class_list":["post-11","page","type-page","status-publish","hentry"],"aioseo_notices":[],"jetpack_sharing_enabled":true,"ticketed":false,"_links":{"self":[{"href":"https:\/\/compostelastreet.gal\/gl\/wp-json\/wp\/v2\/pages\/11","targetHints":{"allow":["GET"]}}],"collection":[{"href":"https:\/\/compostelastreet.gal\/gl\/wp-json\/wp\/v2\/pages"}],"about":[{"href":"https:\/\/compostelastreet.gal\/gl\/wp-json\/wp\/v2\/types\/page"}],"author":[{"embeddable":true,"href":"https:\/\/compostelastreet.gal\/gl\/wp-json\/wp\/v2\/users\/1"}],"replies":[{"embeddable":true,"href":"https:\/\/compostelastreet.gal\/gl\/wp-json\/wp\/v2\/comments?post=11"}],"version-history":[{"count":15,"href":"https:\/\/compostelastreet.gal\/gl\/wp-json\/wp\/v2\/pages\/11\/revisions"}],"predecessor-version":[{"id":3074,"href":"https:\/\/compostelastreet.gal\/gl\/wp-json\/wp\/v2\/pages\/11\/revisions\/3074"}],"wp:attachment":[{"href":"https:\/\/compostelastreet.gal\/gl\/wp-json\/wp\/v2\/media?parent=11"}],"curies":[{"name":"wp","href":"https:\/\/api.w.org\/{rel}","templated":true}]}}